{"id":132,"date":"2017-02-22T22:02:19","date_gmt":"2017-02-22T22:02:19","guid":{"rendered":"http:\/\/www.heikkiporoila.fi\/hp\/?page_id=132"},"modified":"2025-03-07T15:23:54","modified_gmt":"2025-03-07T15:23:54","slug":"bibliografia","status":"publish","type":"page","link":"https:\/\/www.heikkiporoila.fi\/hp\/teksteja\/bibliografia\/","title":{"rendered":"Bibliografia"},"content":{"rendered":"<p>Oheinen bibliografiani kattaa julkaistut monografiat ja osan eri julkaisuissa (monografioissa ja lehdiss\u00e4) julkaistuista kirjoituksista. Kattavaa artikkelibibliografiaa on vaikea tehd\u00e4, koska en itsek\u00e4\u00e4n en\u00e4\u00e4 muista kaikkia vanhoja tekstej\u00e4ni, joita on syntynyt lukiovuosista 1966-1968 l\u00e4htien. Pikkuhiljaa t\u00e4m\u00e4 t\u00e4ydentyy, mutta ei tule koskaan valmiiksi. El\u00e4m\u00e4 loppuu aina kesken.<\/p>\n<p>Bibliografiassa ovat mukana my\u00f6s sellaiset julkaisut, joissa olen toiminut joko ainoana tai yhten\u00e4 toimittajana.<\/p>\n<p>Kaikki osabibliografiat on j\u00e4rjestetty tekstin nimen mukaisesti aakkosiin.<\/p>\n<p><a href=\"http:\/\/www.heikkiporoila.fi\/hp\/teksteja\/bibliografia\/i-monografiat-ja-kirjoitukset-monografioissa\/\">I Monografiat ja kirjoitukset monografioissa<\/a><\/p>\n<p><a href=\"http:\/\/www.heikkiporoila.fi\/hp\/teksteja\/bibliografia\/ii-kirjoitukset-lehdissa\/\">II Kirjoitukset lehdiss\u00e4<\/a><\/p>\n<ul>\n<li><a href=\"http:\/\/www.heikkiporoila.fi\/hp\/teksteja\/bibliografia\/ii-kirjoitukset-lehdissa\/kirjoitukset-intervalli-lehdessa\/\">Kirjoituksia Intervalli-lehdess\u00e4<\/a><\/li>\n<\/ul>\n<p><a href=\"http:\/\/www.heikkiporoila.fi\/hp\/teksteja\/bibliografia\/iii-monografiat-joissa-mukana-toimittajana\/\">III Monografiat, joissa mukana toimittajana<\/a><\/p>\n<p><a href=\"http:\/\/www.heikkiporoila.fi\/hp\/teksteja\/bibliografia\/iv-luentoja-ja-esitelmia\/\">IV Luentoja ja esitelmi\u00e4<\/a><\/p>\n","protected":false},"excerpt":{"rendered":"<p>Oheinen bibliografiani kattaa julkaistut monografiat ja osan eri julkaisuissa (monografioissa ja lehdiss\u00e4) julkaistuista kirjoituksista. Kattavaa artikkelibibliografiaa on vaikea tehd\u00e4, koska[&#8230;]<\/p>\n","protected":false},"author":1,"featured_media":0,"parent":24,"menu_order":0,"comment_status":"closed","ping_status":"closed","template":"","meta":{"footnotes":""},"class_list":["post-132","page","type-page","status-publish","hentry"],"_links":{"self":[{"href":"https:\/\/www.heikkiporoila.fi\/hp\/wp-json\/wp\/v2\/pages\/132","targetHints":{"allow":["GET"]}}],"collection":[{"href":"https:\/\/www.heikkiporoila.fi\/hp\/wp-json\/wp\/v2\/pages"}],"about":[{"href":"https:\/\/www.heikkiporoila.fi\/hp\/wp-json\/wp\/v2\/types\/page"}],"author":[{"embeddable":true,"href":"https:\/\/www.heikkiporoila.fi\/hp\/wp-json\/wp\/v2\/users\/1"}],"replies":[{"embeddable":true,"href":"https:\/\/www.heikkiporoila.fi\/hp\/wp-json\/wp\/v2\/comments?post=132"}],"version-history":[{"count":8,"href":"https:\/\/www.heikkiporoila.fi\/hp\/wp-json\/wp\/v2\/pages\/132\/revisions"}],"predecessor-version":[{"id":780,"href":"https:\/\/www.heikkiporoila.fi\/hp\/wp-json\/wp\/v2\/pages\/132\/revisions\/780"}],"up":[{"embeddable":true,"href":"https:\/\/www.heikkiporoila.fi\/hp\/wp-json\/wp\/v2\/pages\/24"}],"wp:attachment":[{"href":"https:\/\/www.heikkiporoila.fi\/hp\/wp-json\/wp\/v2\/media?parent=132"}],"curies":[{"name":"wp","href":"https:\/\/api.w.org\/{rel}","templated":true}]}}