{"id":138,"date":"2017-02-22T22:22:33","date_gmt":"2017-02-22T22:22:33","guid":{"rendered":"http:\/\/www.heikkiporoila.fi\/hp\/?page_id=138"},"modified":"2026-02-01T21:32:01","modified_gmt":"2026-02-01T21:32:01","slug":"iii-monografiat-joissa-mukana-toimittajana","status":"publish","type":"page","link":"https:\/\/www.heikkiporoila.fi\/hp\/teksteja\/bibliografia\/iii-monografiat-joissa-mukana-toimittajana\/","title":{"rendered":"III Monografiat, joissa mukana toimittajana"},"content":{"rendered":"<p>Toimittajanrooli n\u00e4iss\u00e4 julkaisuissa on vaihdellut, mutta yleens\u00e4 vastuu on ollut koko julkaisusta.<\/p>\n<ul>\n<li><em>Aidatrumpetista zimbalomiin<\/em> : Ohjeluettelo soittimien nimist\u00e4 \/ Toimittaja Heikki Poroila (Suomen musiikkikirjastoyhdistys 1998) ISBN 951-8903-55-7<\/li>\n<li><em>Amsterdam &#8217;87<\/em> : <span class=\"subfieldData\">raportti IAML:n vuotuisesta kokouksesta Amsterdamissa 21-26.6.1987 \/ toimittaja Heikki Poroila (Suomen musiikkikirjastoyhdistys 1987) ISBN 951-8903-00-X<\/span><\/li>\n<li><em>Directory of music libraries in Finland<\/em> = Suomen musiikkikirjastojen hakemisto \/ edited by Heikki Poroila (Suomen musiikkikirjastoyhdistys 1998) ISBN 951-8903-17-4<\/li>\n<li><a href=\"http:\/\/www.kirjastot.fi\/musiikki\/suomen-musiikkikirjastoyhdistyksen-verkkojulkaisut\/erik-august-hagfors\/\"><em>Erik August Hagfors<\/em><\/a> \/ Erkki Forss ; Toimittaja Heikki Poroila (Suomen musiikkikirjastoyhdistys 2009) ISBN 978-952-5363-36-4<\/li>\n<li><em>Hankalat musiikkinimet<\/em> : Ohjeluettelo musiikin luetteloinnissa ja tiedonhaussa k\u00e4ytett\u00e4vist\u00e4 nimimuodoista (Suomen musiikkikirjastoyhdistys 1995) ISBN 951-8903-19-0. &#8211; Uudistettu laitos 1999 ISBN 951-8903-77-8<\/li>\n<li><em>Hiljaisuudesta nousi musiikki<\/em> : Suomen yleisten kirjastojen musiikkiosastojen 50 vuotta \/ Toimitusty\u00f6 ja ulkoasu Heikki Poroila (Suomen musiikkikirjastoyhdistys 2008) 978-952-5363-31-9<\/li>\n<li><em>Huomio musiikkiin<\/em> \/ suomeksi lyhent\u00e4en toimittanut Heikki Poroila (Suomen musiikkikirjastoyhdistys 1987) ISBN 951-8903-01-8<\/li>\n<li><em>Hy\u00f6nteisel\u00e4m\u00e4\u00e4 kenneliss\u00e4<\/em> \/ Mikko Perkoila ; Toimittaja Heikki Poroila (Suomen musiikkikirjastoyhdistys 2003) ISBN\u00a0951-8903-97-2 (nuottijulkaisu)<\/li>\n<li><em>Jokaiselle jotain?<\/em> : Keskustelua musiikin valinnasta \/ Toimittaja Heikki Poroila (Suomen musiikkikirjastoyhdistys 1988) ISBN 951-8903-06-9<\/li>\n<li><em>Kirjastokonsertto<\/em> : Keskustelua musiikkikirjastoista \/ Toimitus, taitto ja kollaasit Heikki Poroila (Kirjastopalvelu 1985) ISBN 951-692-128-0<\/li>\n<li><em>Kirjastot ja raha<\/em> \/ Toimittaja Heikki Poroila (Kirjastopoliittinen yhdistys 1990) ISBN 952-9564-00-7<\/li>\n<li><em>Kokoelmakumous!<\/em> \/ Toimittaja Heikki Poroila (Kirjastopoliittinen yhdistys 1990) ISBN 952-9564-01-5<\/li>\n<li><em>Lastenlauluja \u00e4\u00e4nitteill\u00e4 \/ <\/em>Typografinen toimitusty\u00f6 ja indeksoitujen kokoelmien luettelo Heikki Poroila (Suomen musiikkikirjastoyhdistys 1991) ISBN 951-8903-24-7<\/li>\n<li><em>Lastenlaulujen hakemisto : \u00c4\u00e4nitteet<\/em> \/ Toimitusty\u00f6 Heikki Poroila (Suomen musiikkikirjastoyhdistys 1988) ISBN 951-8903-04-2<\/li>\n<li><em>Lauluhakemisto<\/em> \/ Toimitusty\u00f6 ja taitto Heikki Poroila (Suomen musiikkikirjastoyhdistys 1989) ISBN 951-8903-15-8<\/li>\n<li><em>Lauluhakemisto 1994<\/em> \/ Toimittaneet Heikki Poroila ja Eija Kumanto (Suomen musiikkikirjastoyhdistys 1994) ISBN 951-8903-25-5<\/li>\n<li><em>Min\u00e4 uskon : <\/em>Mietelmi\u00e4 (Op. 150) \/ Erkki Melartin ; Toimittaja Heikki Poroila (Suomen musiikkikirjastoyhdistys 2000) ISBN 951-8903-88-3. &#8211; Uusi laitos, ensipainos 1928 (Otava)<\/li>\n<li><em>Musiikin asiasanasto 2005<\/em> \/ Toimittaja Heikki Poroila (BTJ Kirjastopalvelu 2005) ISBN 951-692-598-7<\/li>\n<li><em>Musiikin asiasanaston selityksi\u00e4 ja k\u00e4ytt\u00f6ohjeita<\/em> \/ Toimittaja Heikki Poroila (BTJ Kirjastopalvelu 1997) ISBN 951-692-412-3<\/li>\n<li><em>Musiikin atk-luettelointi<\/em> \/ Vastaava toimittaja Heikki Poroila (Suomen musiikkikirjastoyhdistys 1996) ISBN 951-8903-52-2<\/li>\n<li><em>Musiikki ja suomalaiset kirjastot 1986-1987<\/em> \/ toimittaneet Heikki Poroila ja Ky\u00f6sti M\u00e4kel\u00e4 (Suomen musiikkikirjastoyhdistys 1988) ISBN 951-8903-02-6<\/li>\n<li><span class=\"subfieldData\"><em>Musiikkikirjastojen asiantuntijaluettelo. 1987<\/em> \/ toimittanut Heikki Poroila (Suomen kirjastoseura 1987) ISBN 951-9025-42-1<br \/>\n<\/span><\/li>\n<li><em>Musiikkikirjastotoiminnan k\u00e4sikirja<\/em> \/ Toimittaja Heikki Poroila (Kirjastopalvelu 1986) ISBN 951-692-163-9<\/li>\n<li><em>Omilla silmill\u00e4ni eli Laiska Mies matkustaa p\u00e4iv\u00e4ntasaajalle \/\u00a0\u00a0<\/em>Erkki Melartin ; Toimittaja Heikki Poroila. &#8211; (Erkki Melartin -seura ry, Honkakirja 2025) ISBN 978.952-69775-8-4<\/li>\n<li><em>Runokoira Pentti ja muita lauluja<\/em> \/ Mikko Perkoila ; Toimittaja Heikki Poroila (Suomen musiikkikirjastoyhdistys 1997) ISBN 951-8903-69-7 (nuottijulkaisu)<\/li>\n<li><em>Suomalainen laulajanaapinen<\/em> \/ Kim Borg ; Ulkoasu ja toimitusty\u00f6 Heikki Poroila (Suomen musiikkikirjastoyhdistys 1999) ISBN 951-8903-82-4. &#8211; Tarkistettu ja korjattu laitos vuonna 1972 alunperin ilmestyneest\u00e4 oppaasta.<\/li>\n<li><em>Suomalainen laulajanaapinen<\/em> \/ Kim Borg ; Ulkoasu ja toimitusty\u00f6 Heikki Poroila. Laajennettu kolmas laitos, numeroitu erikoispainos Kim Borgin syntym\u00e4n 100-vuotisjuhlille (Honkakirja 2019). ISBN 978-952-68711-9-6<\/li>\n<li><em>Suomalaiset musiikkibibliografiat ja diskografiat<\/em> \/ Seija Lappalainen ja Maija Suhonen ; Toimittaja Heikki Poroila (Suomen musiikkikirjastoyhdistys 1998) ISBN 951-8903-56-5<\/li>\n<li><em>Suomalaisten musiikkikirjastojen hakemisto 1997<\/em> \/ Toimittaja Heikki Poroila (Suomen musiikkikirjastoyhdistys 1997) ISBN 951-8903-57-3<\/li>\n<li><em>Tervetuloa Mutanttimaahan<\/em> ja melkein kaikki muut laulut viime vuosisadalta \/ Mikko Perkoila ; Toimittaja Heikki Poroila (Suomen musiikkikirjastoyhdistys 2001) ISBN 951-8903-92-1 (nuottijulkaisu)<\/li>\n<li><em>Tieto, valta ja kirjastot<\/em> \/ Toimitusty\u00f6 Heikki Poroila (Kirjastopalvelu 1988) ISBN 951-692-201-5<\/li>\n<li><a href=\"http:\/\/www.kirjastot.fi\/sites\/default\/files\/content\/Toivo_Kuula.pdf\"><em>Toivo Kuulan s\u00e4vellykset<\/em><\/a> \/ Eeva Viitasalo ; Toimittaja Heikki Poroila (Suomen musiikkikirjastoyhdistys 2013) ISBN 978-952-5363-61-6<\/li>\n<li>Vuonna 2009&#8230; \/ Toimitusty\u00f6 ja taitto: Anneli Per\u00e4l\u00e4 (vastaava), Aulikki Holma, Heikki Poroila, Seppo Verho (Kirjastopoliittinen yhdistys, Kirjastopalvelu 1989) ISBN 951-692-221-X<\/li>\n<li><em>What is this? Music of Eero Koivistoinen<\/em> \/ Eero Koivistoinen ; Editor Heikki Poroila (Suomen musiikkikirjastoyhdistys 1998) ISBN 951-8903-75-1 (nuottijulkaisu)<\/li>\n<li><em>Yleisten kirjastojen luokitusj\u00e4rjestelm\u00e4 YKL : Musiikki<\/em>\u00a0 \/ Toimittajat Ky\u00f6sti M\u00e4kel\u00e4 ja Heikki Poroila (Kirjastopalvelu 1992) ISBN 951-692-277-5<\/li>\n<\/ul>\n","protected":false},"excerpt":{"rendered":"<p>Toimittajanrooli n\u00e4iss\u00e4 julkaisuissa on vaihdellut, mutta yleens\u00e4 vastuu on ollut koko julkaisusta. Aidatrumpetista zimbalomiin : Ohjeluettelo soittimien nimist\u00e4 \/ Toimittaja[&#8230;]<\/p>\n","protected":false},"author":1,"featured_media":0,"parent":132,"menu_order":0,"comment_status":"closed","ping_status":"closed","template":"","meta":{"footnotes":""},"class_list":["post-138","page","type-page","status-publish","hentry"],"_links":{"self":[{"href":"https:\/\/www.heikkiporoila.fi\/hp\/wp-json\/wp\/v2\/pages\/138","targetHints":{"allow":["GET"]}}],"collection":[{"href":"https:\/\/www.heikkiporoila.fi\/hp\/wp-json\/wp\/v2\/pages"}],"about":[{"href":"https:\/\/www.heikkiporoila.fi\/hp\/wp-json\/wp\/v2\/types\/page"}],"author":[{"embeddable":true,"href":"https:\/\/www.heikkiporoila.fi\/hp\/wp-json\/wp\/v2\/users\/1"}],"replies":[{"embeddable":true,"href":"https:\/\/www.heikkiporoila.fi\/hp\/wp-json\/wp\/v2\/comments?post=138"}],"version-history":[{"count":10,"href":"https:\/\/www.heikkiporoila.fi\/hp\/wp-json\/wp\/v2\/pages\/138\/revisions"}],"predecessor-version":[{"id":832,"href":"https:\/\/www.heikkiporoila.fi\/hp\/wp-json\/wp\/v2\/pages\/138\/revisions\/832"}],"up":[{"embeddable":true,"href":"https:\/\/www.heikkiporoila.fi\/hp\/wp-json\/wp\/v2\/pages\/132"}],"wp:attachment":[{"href":"https:\/\/www.heikkiporoila.fi\/hp\/wp-json\/wp\/v2\/media?parent=138"}],"curies":[{"name":"wp","href":"https:\/\/api.w.org\/{rel}","templated":true}]}}