{"id":176,"date":"2017-02-23T20:24:35","date_gmt":"2017-02-23T20:24:35","guid":{"rendered":"http:\/\/www.heikkiporoila.fi\/hp\/?page_id=176"},"modified":"2023-08-21T17:52:20","modified_gmt":"2023-08-21T17:52:20","slug":"iv-luentoja-ja-esitelmia","status":"publish","type":"page","link":"https:\/\/www.heikkiporoila.fi\/hp\/teksteja\/bibliografia\/iv-luentoja-ja-esitelmia\/","title":{"rendered":"IV Luentoja ja esitelmi\u00e4"},"content":{"rendered":"<p>N\u00e4m\u00e4 tekstit liittyv\u00e4t p\u00e4\u00e4osin toimintaani kirjastoalan koulutusteht\u00e4viss\u00e4 vuosien varrella. Mukana on vain sellaisia tekstej\u00e4, joilla voi arvioni mukaan olla yleist\u00e4 mielenkiintoa historiallisina ajankuvina. Todellisuudessa t\u00e4h\u00e4n voisi tulla satoja kohtia, mik\u00e4 olisi kielt\u00e4m\u00e4tt\u00e4 jo kohtuutonta.<\/p>\n<ul>\n<li><a href=\"http:\/\/www.kirjastot.fi\/fi\/musiikki\/jutut\/kirjastot-fi-intervalli-2012\/julkisten-kokoelmien-musiikkisisaltojen-digitointi\/\">Julkisten kokoelmien musiikkisis\u00e4lt\u00f6jen digitointi<\/a>\u00a0(esitetty Tampereella 20.4.2012)<\/li>\n<li><a href=\"http:\/\/www.heikkiporoila.fi\/hp\/wp-content\/uploads\/2017\/02\/Keuda-160923-musiikin-luettelointi.pdf\">Musiikki modernin luetteloinnin kohteena<\/a> (Keuda, 23.9.2016)<\/li>\n<li><a href=\"http:\/\/www.kirjastot.fi\/sites\/default\/files\/content\/Musiikkikokoelmien%2Bhy%C3%B6dynt%C3%A4minen%2Buusissa%2Bpalveluissa.pdf\">Musiikkikokoelmien hy\u00f6dynt\u00e4minen uusissa palveluissa<\/a>\u00a0(esitetty Tampereella 25.4.2014)<\/li>\n<li><a href=\"http:\/\/www.heikkiporoila.fi\/hp\/wp-content\/uploads\/2017\/03\/Musiikkipalveluita-julkisesta-kirjastosta-my\u00f6s-tulevaisuudessa.pdf\">Musiikkipalveluita julkisesta kirjastosta my\u00f6s tulevaisuudessa<\/a> (esitetty Turussa 17.1.2013)<\/li>\n<li><a href=\"http:\/\/www.heikkiporoila.fi\/hp\/wp-content\/uploads\/2017\/02\/Rauma-20150513.pdf\">Saako kirjasto olla my\u00f6s digitaalisessa verkossa?<\/a> (Ettipp\u00e4i! \u2013 Satakunnan kirjastop\u00e4iv\u00e4 13.5.2015 Raumalla)<\/li>\n<li><a href=\"http:\/\/www.heikkiporoila.fi\/hp\/wp-content\/uploads\/2017\/03\/Sotkamo-SNS-70-vuotta-2015-juhlapuhe.pdf\">Sotkamon Suomi-Neuvostoliitto-Seuran (Suomi-Ven\u00e4j\u00e4-Seuran) 70-vuotisjuhlassa pidetty juhlapuhe lokakuussa 2015<\/a><\/li>\n<\/ul>\n","protected":false},"excerpt":{"rendered":"<p>N\u00e4m\u00e4 tekstit liittyv\u00e4t p\u00e4\u00e4osin toimintaani kirjastoalan koulutusteht\u00e4viss\u00e4 vuosien varrella. Mukana on vain sellaisia tekstej\u00e4, joilla voi arvioni mukaan olla yleist\u00e4[&#8230;]<\/p>\n","protected":false},"author":1,"featured_media":0,"parent":132,"menu_order":0,"comment_status":"closed","ping_status":"closed","template":"","meta":{"footnotes":""},"class_list":["post-176","page","type-page","status-publish","hentry"],"_links":{"self":[{"href":"https:\/\/www.heikkiporoila.fi\/hp\/wp-json\/wp\/v2\/pages\/176","targetHints":{"allow":["GET"]}}],"collection":[{"href":"https:\/\/www.heikkiporoila.fi\/hp\/wp-json\/wp\/v2\/pages"}],"about":[{"href":"https:\/\/www.heikkiporoila.fi\/hp\/wp-json\/wp\/v2\/types\/page"}],"author":[{"embeddable":true,"href":"https:\/\/www.heikkiporoila.fi\/hp\/wp-json\/wp\/v2\/users\/1"}],"replies":[{"embeddable":true,"href":"https:\/\/www.heikkiporoila.fi\/hp\/wp-json\/wp\/v2\/comments?post=176"}],"version-history":[{"count":6,"href":"https:\/\/www.heikkiporoila.fi\/hp\/wp-json\/wp\/v2\/pages\/176\/revisions"}],"predecessor-version":[{"id":710,"href":"https:\/\/www.heikkiporoila.fi\/hp\/wp-json\/wp\/v2\/pages\/176\/revisions\/710"}],"up":[{"embeddable":true,"href":"https:\/\/www.heikkiporoila.fi\/hp\/wp-json\/wp\/v2\/pages\/132"}],"wp:attachment":[{"href":"https:\/\/www.heikkiporoila.fi\/hp\/wp-json\/wp\/v2\/media?parent=176"}],"curies":[{"name":"wp","href":"https:\/\/api.w.org\/{rel}","templated":true}]}}