{"id":291,"date":"2017-03-03T16:23:10","date_gmt":"2017-03-03T16:23:10","guid":{"rendered":"http:\/\/www.heikkiporoila.fi\/hp\/?page_id=291"},"modified":"2025-08-07T21:42:21","modified_gmt":"2025-08-07T21:42:21","slug":"ostettavia-kirjoja","status":"publish","type":"page","link":"https:\/\/www.heikkiporoila.fi\/hp\/teksteja\/ostettavia-kirjoja\/","title":{"rendered":"Myynniss\u00e4 olevia kirjoja ja CD-levyj\u00e4"},"content":{"rendered":"<p>Minulla on seuraavia paperikirjojani edelleen myynniss\u00e4 hajakappaleina. Kaikki hinnat ovat alempia kuin kirjakaupassa, eiv\u00e4tk\u00e4 ne sis\u00e4ll\u00e4 arvonlis\u00e4veroa. Kirjat toimitetaan laskulla ilman postituskuluja, ellei toisin ole mainittu. Tilaukset\u00a0<a href=\"mailto:heikki.poroila@gmail.com\">heikki.poroila@gmail.com<\/a><\/p>\n<p><strong>Kirjastot ja kaupallisuus<\/strong> (Oppian 2021) &#8211; Sis\u00e4lt\u00e4\u00e4 kaksi Heikki Poroilan kirjoitusta. 10 euroa.<\/p>\n<p><strong>Luurangot portinvartijan kaapissa<\/strong> (BTJ Kustannus 2007) Hinta 10 euroa<\/p>\n<p><strong>MULTIKOLOR : Olli Virtaperkon teosluettelo<\/strong> (Honkakirja 2021) Hinta 15 euroa + postituskulut, jos niit\u00e4 syntyy<\/p>\n<p><strong>N-Lite : The Compositions by Frank Zappa<\/strong> (Honkakirja &amp; Suomen musiikkikirjastoyhdistys 2022)\u00a0 Hinta 25 euroa + postituskulut, jos niit\u00e4 syntyy<\/p>\n<p><strong>Pohjalainen rapsodia. Leevi Madetojan temaattis-bibliografinen teosluettelo<\/strong> (Honkakirja &amp; Suomen musiikkikirjastoyhdistys 2024) Hinta suoraan ostettuna 35 euroa + postikulut, jos niit\u00e4 syntyy.<\/p>\n<p><strong>Tekij\u00e4noikeus ja kirjastot tietoverkkojen maailmassa<\/strong> (BTJ Kirjastopalvelu 2006) Hinta 5 euroa<\/p>\n<p><strong>Varaventtiilin nelj\u00e4s tuleminen<\/strong> : Blogitekstej\u00e4 2019-2020 (Honkakirja 2020) Hinta 5 euroa<\/p>\n<p><strong>Varaventtiilin tytt\u00e4ren paluu <\/strong>: Blogitekstej\u00e4 2018-2019 (Honkakirja 2019) Hinta 5 euroa<\/p>\n<p><strong>Varaventtiilin tyt\u00e4r <\/strong>: Blogikirjoituksia 2017 &#8211; 2018 (Honkakirja 2018) Hinta 5 euroa<\/p>\n<p><strong>Varaventtiilin viides ved\u00e4tys<\/strong> : Blogikirjoituksia 2020-2021 (Honkakirja 2021) 5 euroa<\/p>\n<p><strong>Varaventtiilin kuusioavain<\/strong> : Blogikirjoituksia 2021-2022 (Honkakirja 2022) 5 euroa<\/p>\n\n\n<figure class=\"wp-block-gallery has-nested-images columns-default is-cropped wp-block-gallery-1 is-layout-flex wp-block-gallery-is-layout-flex\">\n<figure class=\"wp-block-image size-large\"><img loading=\"lazy\" decoding=\"async\" width=\"1145\" height=\"1600\" data-id=\"760\" src=\"https:\/\/www.heikkiporoila.fi\/hp\/wp-content\/uploads\/2024\/10\/9789526977553.jpg\" alt=\"\" class=\"wp-image-760\" srcset=\"https:\/\/www.heikkiporoila.fi\/hp\/wp-content\/uploads\/2024\/10\/9789526977553.jpg 1145w, https:\/\/www.heikkiporoila.fi\/hp\/wp-content\/uploads\/2024\/10\/9789526977553-215x300.jpg 215w, https:\/\/www.heikkiporoila.fi\/hp\/wp-content\/uploads\/2024\/10\/9789526977553-768x1073.jpg 768w, https:\/\/www.heikkiporoila.fi\/hp\/wp-content\/uploads\/2024\/10\/9789526977553-1099x1536.jpg 1099w\" sizes=\"auto, (max-width: 1145px) 100vw, 1145px\" \/><\/figure>\n\n\n\n<figure class=\"wp-block-image size-large\"><img loading=\"lazy\" decoding=\"async\" width=\"500\" height=\"698\" data-id=\"626\" src=\"https:\/\/www.heikkiporoila.fi\/hp\/wp-content\/uploads\/2022\/08\/Kansikuva-reunoilla-pieni.jpg\" alt=\"\" class=\"wp-image-626\" srcset=\"https:\/\/www.heikkiporoila.fi\/hp\/wp-content\/uploads\/2022\/08\/Kansikuva-reunoilla-pieni.jpg 500w, https:\/\/www.heikkiporoila.fi\/hp\/wp-content\/uploads\/2022\/08\/Kansikuva-reunoilla-pieni-215x300.jpg 215w\" sizes=\"auto, (max-width: 500px) 100vw, 500px\" \/><\/figure>\n\n\n\n<figure class=\"wp-block-image size-large\"><img loading=\"lazy\" decoding=\"async\" width=\"600\" height=\"848\" data-id=\"768\" src=\"https:\/\/www.heikkiporoila.fi\/hp\/wp-content\/uploads\/2025\/03\/Multikolor-kansi-B5-PIENI.jpg\" alt=\"\" class=\"wp-image-768\" srcset=\"https:\/\/www.heikkiporoila.fi\/hp\/wp-content\/uploads\/2025\/03\/Multikolor-kansi-B5-PIENI.jpg 600w, https:\/\/www.heikkiporoila.fi\/hp\/wp-content\/uploads\/2025\/03\/Multikolor-kansi-B5-PIENI-212x300.jpg 212w\" sizes=\"auto, (max-width: 600px) 100vw, 600px\" \/><\/figure>\n<\/figure>\n\n\n\n<figure class=\"wp-block-gallery has-nested-images columns-default is-cropped wp-block-gallery-2 is-layout-flex wp-block-gallery-is-layout-flex\">\n<figure class=\"wp-block-image size-large\"><img loading=\"lazy\" decoding=\"async\" width=\"2120\" height=\"3000\" data-id=\"642\" src=\"https:\/\/www.heikkiporoila.fi\/hp\/wp-content\/uploads\/2023\/03\/9789526977546-kansi-2120x3000.jpg\" alt=\"\" class=\"wp-image-642\" srcset=\"https:\/\/www.heikkiporoila.fi\/hp\/wp-content\/uploads\/2023\/03\/9789526977546-kansi-2120x3000.jpg 2120w, https:\/\/www.heikkiporoila.fi\/hp\/wp-content\/uploads\/2023\/03\/9789526977546-kansi-212x300.jpg 212w, https:\/\/www.heikkiporoila.fi\/hp\/wp-content\/uploads\/2023\/03\/9789526977546-kansi-768x1087.jpg 768w, https:\/\/www.heikkiporoila.fi\/hp\/wp-content\/uploads\/2023\/03\/9789526977546-kansi-1085x1536.jpg 1085w, https:\/\/www.heikkiporoila.fi\/hp\/wp-content\/uploads\/2023\/03\/9789526977546-kansi-1447x2048.jpg 1447w, https:\/\/www.heikkiporoila.fi\/hp\/wp-content\/uploads\/2023\/03\/9789526977546-kansi-scaled.jpg 1809w\" sizes=\"auto, (max-width: 2120px) 100vw, 2120px\" \/><\/figure>\n\n\n\n<figure class=\"wp-block-image size-large\"><img loading=\"lazy\" decoding=\"async\" width=\"2121\" height=\"3000\" data-id=\"619\" src=\"https:\/\/www.heikkiporoila.fi\/hp\/wp-content\/uploads\/2022\/08\/9789526929095-2121x3000.jpg\" alt=\"\" class=\"wp-image-619\" srcset=\"https:\/\/www.heikkiporoila.fi\/hp\/wp-content\/uploads\/2022\/08\/9789526929095-2121x3000.jpg 2121w, https:\/\/www.heikkiporoila.fi\/hp\/wp-content\/uploads\/2022\/08\/9789526929095-212x300.jpg 212w, https:\/\/www.heikkiporoila.fi\/hp\/wp-content\/uploads\/2022\/08\/9789526929095-768x1086.jpg 768w, https:\/\/www.heikkiporoila.fi\/hp\/wp-content\/uploads\/2022\/08\/9789526929095-1086x1536.jpg 1086w, https:\/\/www.heikkiporoila.fi\/hp\/wp-content\/uploads\/2022\/08\/9789526929095-1448x2048.jpg 1448w, https:\/\/www.heikkiporoila.fi\/hp\/wp-content\/uploads\/2022\/08\/9789526929095-scaled.jpg 1810w\" sizes=\"auto, (max-width: 2121px) 100vw, 2121px\" \/><\/figure>\n<\/figure>\n\n\n\n<figure class=\"wp-block-gallery has-nested-images columns-default is-cropped wp-block-gallery-3 is-layout-flex wp-block-gallery-is-layout-flex\">\n<figure class=\"wp-block-image size-large\"><img loading=\"lazy\" decoding=\"async\" width=\"2120\" height=\"3000\" data-id=\"610\" src=\"https:\/\/www.heikkiporoila.fi\/hp\/wp-content\/uploads\/2021\/05\/9789526929064-2120x3000.jpg\" alt=\"\" class=\"wp-image-610\" srcset=\"https:\/\/www.heikkiporoila.fi\/hp\/wp-content\/uploads\/2021\/05\/9789526929064-2120x3000.jpg 2120w, https:\/\/www.heikkiporoila.fi\/hp\/wp-content\/uploads\/2021\/05\/9789526929064-212x300.jpg 212w, https:\/\/www.heikkiporoila.fi\/hp\/wp-content\/uploads\/2021\/05\/9789526929064-768x1087.jpg 768w, https:\/\/www.heikkiporoila.fi\/hp\/wp-content\/uploads\/2021\/05\/9789526929064-1085x1536.jpg 1085w, https:\/\/www.heikkiporoila.fi\/hp\/wp-content\/uploads\/2021\/05\/9789526929064-1447x2048.jpg 1447w, https:\/\/www.heikkiporoila.fi\/hp\/wp-content\/uploads\/2021\/05\/9789526929064-scaled.jpg 1809w\" sizes=\"auto, (max-width: 2120px) 100vw, 2120px\" \/><\/figure>\n\n\n\n<figure class=\"wp-block-image size-large\"><img loading=\"lazy\" decoding=\"async\" width=\"591\" height=\"833\" data-id=\"529\" src=\"https:\/\/www.heikkiporoila.fi\/hp\/wp-content\/uploads\/2019\/08\/VTP-Kansikuva.jpg\" alt=\"\" class=\"wp-image-529\" srcset=\"https:\/\/www.heikkiporoila.fi\/hp\/wp-content\/uploads\/2019\/08\/VTP-Kansikuva.jpg 591w, https:\/\/www.heikkiporoila.fi\/hp\/wp-content\/uploads\/2019\/08\/VTP-Kansikuva-213x300.jpg 213w\" sizes=\"auto, (max-width: 591px) 100vw, 591px\" \/><\/figure>\n\n\n\n<figure class=\"wp-block-image size-large\"><img loading=\"lazy\" decoding=\"async\" width=\"776\" height=\"747\" data-id=\"496\" src=\"https:\/\/www.heikkiporoila.fi\/hp\/wp-content\/uploads\/2019\/06\/VT-kansi-pieni.jpg\" alt=\"\" class=\"wp-image-496\" srcset=\"https:\/\/www.heikkiporoila.fi\/hp\/wp-content\/uploads\/2019\/06\/VT-kansi-pieni.jpg 776w, https:\/\/www.heikkiporoila.fi\/hp\/wp-content\/uploads\/2019\/06\/VT-kansi-pieni-300x289.jpg 300w, https:\/\/www.heikkiporoila.fi\/hp\/wp-content\/uploads\/2019\/06\/VT-kansi-pieni-768x739.jpg 768w\" sizes=\"auto, (max-width: 776px) 100vw, 776px\" \/><\/figure>\n<\/figure>\n\n\n\n<figure class=\"wp-block-gallery has-nested-images columns-default is-cropped wp-block-gallery-4 is-layout-flex wp-block-gallery-is-layout-flex\">\n<figure class=\"wp-block-image size-large\"><img loading=\"lazy\" decoding=\"async\" width=\"2079\" height=\"2953\" data-id=\"375\" src=\"https:\/\/www.heikkiporoila.fi\/hp\/wp-content\/uploads\/2017\/06\/Varaventtiili-kansi.jpg\" alt=\"\" class=\"wp-image-375\" srcset=\"https:\/\/www.heikkiporoila.fi\/hp\/wp-content\/uploads\/2017\/06\/Varaventtiili-kansi.jpg 2079w, https:\/\/www.heikkiporoila.fi\/hp\/wp-content\/uploads\/2017\/06\/Varaventtiili-kansi-211x300.jpg 211w, https:\/\/www.heikkiporoila.fi\/hp\/wp-content\/uploads\/2017\/06\/Varaventtiili-kansi-768x1091.jpg 768w\" sizes=\"auto, (max-width: 2079px) 100vw, 2079px\" \/><\/figure>\n\n\n\n<figure class=\"wp-block-image size-large\"><img loading=\"lazy\" decoding=\"async\" width=\"1650\" height=\"2466\" data-id=\"794\" src=\"https:\/\/www.heikkiporoila.fi\/hp\/wp-content\/uploads\/2025\/03\/Kirjastot-ja-kaupallisuus.jpg\" alt=\"\" class=\"wp-image-794\" srcset=\"https:\/\/www.heikkiporoila.fi\/hp\/wp-content\/uploads\/2025\/03\/Kirjastot-ja-kaupallisuus.jpg 1650w, https:\/\/www.heikkiporoila.fi\/hp\/wp-content\/uploads\/2025\/03\/Kirjastot-ja-kaupallisuus-201x300.jpg 201w, https:\/\/www.heikkiporoila.fi\/hp\/wp-content\/uploads\/2025\/03\/Kirjastot-ja-kaupallisuus-768x1148.jpg 768w, https:\/\/www.heikkiporoila.fi\/hp\/wp-content\/uploads\/2025\/03\/Kirjastot-ja-kaupallisuus-1028x1536.jpg 1028w, https:\/\/www.heikkiporoila.fi\/hp\/wp-content\/uploads\/2025\/03\/Kirjastot-ja-kaupallisuus-1370x2048.jpg 1370w\" sizes=\"auto, (max-width: 1650px) 100vw, 1650px\" \/><\/figure>\n\n\n\n<figure class=\"wp-block-image size-large\"><img loading=\"lazy\" decoding=\"async\" width=\"1608\" height=\"2481\" data-id=\"795\" src=\"https:\/\/www.heikkiporoila.fi\/hp\/wp-content\/uploads\/2025\/03\/Luurangot-portinvartijan-kaapissa.jpg\" alt=\"\" class=\"wp-image-795\" srcset=\"https:\/\/www.heikkiporoila.fi\/hp\/wp-content\/uploads\/2025\/03\/Luurangot-portinvartijan-kaapissa.jpg 1608w, https:\/\/www.heikkiporoila.fi\/hp\/wp-content\/uploads\/2025\/03\/Luurangot-portinvartijan-kaapissa-194x300.jpg 194w, https:\/\/www.heikkiporoila.fi\/hp\/wp-content\/uploads\/2025\/03\/Luurangot-portinvartijan-kaapissa-768x1185.jpg 768w, https:\/\/www.heikkiporoila.fi\/hp\/wp-content\/uploads\/2025\/03\/Luurangot-portinvartijan-kaapissa-996x1536.jpg 996w, https:\/\/www.heikkiporoila.fi\/hp\/wp-content\/uploads\/2025\/03\/Luurangot-portinvartijan-kaapissa-1327x2048.jpg 1327w\" sizes=\"auto, (max-width: 1608px) 100vw, 1608px\" \/><\/figure>\n<\/figure>\n\n\n\n<figure class=\"wp-block-gallery has-nested-images columns-default is-cropped wp-block-gallery-5 is-layout-flex wp-block-gallery-is-layout-flex\">\n<figure class=\"wp-block-image size-large\"><img loading=\"lazy\" decoding=\"async\" width=\"2079\" height=\"2953\" data-id=\"375\" src=\"https:\/\/www.heikkiporoila.fi\/hp\/wp-content\/uploads\/2017\/06\/Varaventtiili-kansi.jpg\" alt=\"\" class=\"wp-image-375\" srcset=\"https:\/\/www.heikkiporoila.fi\/hp\/wp-content\/uploads\/2017\/06\/Varaventtiili-kansi.jpg 2079w, https:\/\/www.heikkiporoila.fi\/hp\/wp-content\/uploads\/2017\/06\/Varaventtiili-kansi-211x300.jpg 211w, https:\/\/www.heikkiporoila.fi\/hp\/wp-content\/uploads\/2017\/06\/Varaventtiili-kansi-768x1091.jpg 768w\" sizes=\"auto, (max-width: 2079px) 100vw, 2079px\" \/><\/figure>\n\n\n\n<figure class=\"wp-block-image size-large\"><img loading=\"lazy\" decoding=\"async\" width=\"826\" height=\"1169\" data-id=\"591\" src=\"https:\/\/www.heikkiporoila.fi\/hp\/wp-content\/uploads\/2021\/04\/Aarteista-suurin-etukansi.jpg\" alt=\"\" class=\"wp-image-591\" srcset=\"https:\/\/www.heikkiporoila.fi\/hp\/wp-content\/uploads\/2021\/04\/Aarteista-suurin-etukansi.jpg 826w, https:\/\/www.heikkiporoila.fi\/hp\/wp-content\/uploads\/2021\/04\/Aarteista-suurin-etukansi-212x300.jpg 212w, https:\/\/www.heikkiporoila.fi\/hp\/wp-content\/uploads\/2021\/04\/Aarteista-suurin-etukansi-768x1087.jpg 768w\" sizes=\"auto, (max-width: 826px) 100vw, 826px\" \/><\/figure>\n\n\n\n<figure class=\"wp-block-image size-large\"><img loading=\"lazy\" decoding=\"async\" width=\"1652\" height=\"2338\" data-id=\"682\" src=\"https:\/\/www.heikkiporoila.fi\/hp\/wp-content\/uploads\/2023\/08\/Varaventtiilin-seitsemas-sinetti.jpg\" alt=\"\" class=\"wp-image-682\" srcset=\"https:\/\/www.heikkiporoila.fi\/hp\/wp-content\/uploads\/2023\/08\/Varaventtiilin-seitsemas-sinetti.jpg 1652w, https:\/\/www.heikkiporoila.fi\/hp\/wp-content\/uploads\/2023\/08\/Varaventtiilin-seitsemas-sinetti-212x300.jpg 212w, https:\/\/www.heikkiporoila.fi\/hp\/wp-content\/uploads\/2023\/08\/Varaventtiilin-seitsemas-sinetti-768x1087.jpg 768w, https:\/\/www.heikkiporoila.fi\/hp\/wp-content\/uploads\/2023\/08\/Varaventtiilin-seitsemas-sinetti-1085x1536.jpg 1085w, https:\/\/www.heikkiporoila.fi\/hp\/wp-content\/uploads\/2023\/08\/Varaventtiilin-seitsemas-sinetti-1447x2048.jpg 1447w\" sizes=\"auto, (max-width: 1652px) 100vw, 1652px\" \/><\/figure>\n<\/figure>\n\n\n\n<p>Seuraavat CD-levyt saa minulta promootiohintaan \u00e1 5 euroa + postituskulut. Raitio-levy\u00e4 on joitakin, muita vain yksitt\u00e4iskappaleet.<\/p>\n\n\n\n<p><em>Jean Dub\u00e9 plays Oeuvres pour piano Oskar Merikanto<\/em> * <em>Jean Dub\u00e9 plays Oeuvres pour piano V\u00e4in\u00f6 Raitio<\/em> * Jouni Somero &#8211; Selim Palmgren: <em>Complete piano works. Vol. 1 &#8211; 8<\/em><\/p>\n\n\n\n<figure class=\"wp-block-gallery has-nested-images columns-default is-cropped wp-block-gallery-6 is-layout-flex wp-block-gallery-is-layout-flex\">\n<figure class=\"wp-block-image size-large\"><img loading=\"lazy\" decoding=\"async\" width=\"1406\" height=\"1350\" data-id=\"802\" src=\"https:\/\/www.heikkiporoila.fi\/hp\/wp-content\/uploads\/2025\/03\/Dube-Merikanto.jpg\" alt=\"\" class=\"wp-image-802\" srcset=\"https:\/\/www.heikkiporoila.fi\/hp\/wp-content\/uploads\/2025\/03\/Dube-Merikanto.jpg 1406w, https:\/\/www.heikkiporoila.fi\/hp\/wp-content\/uploads\/2025\/03\/Dube-Merikanto-300x288.jpg 300w, https:\/\/www.heikkiporoila.fi\/hp\/wp-content\/uploads\/2025\/03\/Dube-Merikanto-768x737.jpg 768w\" sizes=\"auto, (max-width: 1406px) 100vw, 1406px\" \/><\/figure>\n\n\n\n<figure class=\"wp-block-image size-large\"><img loading=\"lazy\" decoding=\"async\" width=\"1400\" height=\"1380\" data-id=\"803\" src=\"https:\/\/www.heikkiporoila.fi\/hp\/wp-content\/uploads\/2025\/03\/Dube-Raitio.jpg\" alt=\"\" class=\"wp-image-803\" srcset=\"https:\/\/www.heikkiporoila.fi\/hp\/wp-content\/uploads\/2025\/03\/Dube-Raitio.jpg 1400w, https:\/\/www.heikkiporoila.fi\/hp\/wp-content\/uploads\/2025\/03\/Dube-Raitio-300x296.jpg 300w, https:\/\/www.heikkiporoila.fi\/hp\/wp-content\/uploads\/2025\/03\/Dube-Raitio-768x757.jpg 768w\" sizes=\"auto, (max-width: 1400px) 100vw, 1400px\" \/><\/figure>\n\n\n\n<figure class=\"wp-block-image size-large\"><img loading=\"lazy\" decoding=\"async\" width=\"1401\" height=\"1413\" data-id=\"801\" src=\"https:\/\/www.heikkiporoila.fi\/hp\/wp-content\/uploads\/2025\/03\/Somero-Palmgren-1.jpg\" alt=\"\" class=\"wp-image-801\" srcset=\"https:\/\/www.heikkiporoila.fi\/hp\/wp-content\/uploads\/2025\/03\/Somero-Palmgren-1.jpg 1401w, https:\/\/www.heikkiporoila.fi\/hp\/wp-content\/uploads\/2025\/03\/Somero-Palmgren-1-297x300.jpg 297w, https:\/\/www.heikkiporoila.fi\/hp\/wp-content\/uploads\/2025\/03\/Somero-Palmgren-1-150x150.jpg 150w, https:\/\/www.heikkiporoila.fi\/hp\/wp-content\/uploads\/2025\/03\/Somero-Palmgren-1-768x775.jpg 768w\" sizes=\"auto, (max-width: 1401px) 100vw, 1401px\" \/><\/figure>\n<\/figure>\n","protected":false},"excerpt":{"rendered":"<p>Minulla on seuraavia paperikirjojani edelleen myynniss\u00e4 hajakappaleina. Kaikki hinnat ovat alempia kuin kirjakaupassa, eiv\u00e4tk\u00e4 ne sis\u00e4ll\u00e4 arvonlis\u00e4veroa. Kirjat toimitetaan laskulla[&#8230;]<\/p>\n","protected":false},"author":1,"featured_media":0,"parent":24,"menu_order":0,"comment_status":"closed","ping_status":"closed","template":"","meta":{"footnotes":""},"class_list":["post-291","page","type-page","status-publish","hentry"],"_links":{"self":[{"href":"https:\/\/www.heikkiporoila.fi\/hp\/wp-json\/wp\/v2\/pages\/291","targetHints":{"allow":["GET"]}}],"collection":[{"href":"https:\/\/www.heikkiporoila.fi\/hp\/wp-json\/wp\/v2\/pages"}],"about":[{"href":"https:\/\/www.heikkiporoila.fi\/hp\/wp-json\/wp\/v2\/types\/page"}],"author":[{"embeddable":true,"href":"https:\/\/www.heikkiporoila.fi\/hp\/wp-json\/wp\/v2\/users\/1"}],"replies":[{"embeddable":true,"href":"https:\/\/www.heikkiporoila.fi\/hp\/wp-json\/wp\/v2\/comments?post=291"}],"version-history":[{"count":29,"href":"https:\/\/www.heikkiporoila.fi\/hp\/wp-json\/wp\/v2\/pages\/291\/revisions"}],"predecessor-version":[{"id":818,"href":"https:\/\/www.heikkiporoila.fi\/hp\/wp-json\/wp\/v2\/pages\/291\/revisions\/818"}],"up":[{"embeddable":true,"href":"https:\/\/www.heikkiporoila.fi\/hp\/wp-json\/wp\/v2\/pages\/24"}],"wp:attachment":[{"href":"https:\/\/www.heikkiporoila.fi\/hp\/wp-json\/wp\/v2\/media?parent=291"}],"curies":[{"name":"wp","href":"https:\/\/api.w.org\/{rel}","templated":true}]}}