{"id":33,"date":"2017-02-03T17:33:09","date_gmt":"2017-02-03T17:33:09","guid":{"rendered":"http:\/\/heikkiporoila.fi\/hp\/?page_id=33"},"modified":"2023-08-21T15:03:03","modified_gmt":"2023-08-21T15:03:03","slug":"kuvat","status":"publish","type":"page","link":"https:\/\/www.heikkiporoila.fi\/hp\/kuvat\/","title":{"rendered":"Kuvia"},"content":{"rendered":"<p>Pahasti keskener\u00e4iseksi tuomittu osio eli k\u00e4yt\u00e4nn\u00f6ss\u00e4 l\u00e4hinn\u00e4 testattu muutamalla kuvalla! Tarkoitus on ollut ajan kanssa tuoda t\u00e4nne sellaisia kuvia, joita itse pid\u00e4n kohtuullisen onnistuneina. Kuviani saa k\u00e4ytt\u00e4\u00e4 ep\u00e4kaupallisiin tarkoituksiin muuttamattomina ja tekij\u00e4n nimi mainiten. Kaupallinen k\u00e4ytt\u00f6 edellytt\u00e4\u00e4 kirjallista lupaa, jota voi kysy\u00e4 osoitteella <a href=\"mailto:heikki.poroila@gmail.com\">heikki.poroila@gmail.com<\/a>.<\/p>\n<p><img loading=\"lazy\" decoding=\"async\" class=\"alignnone size-full wp-image-39\" src=\"http:\/\/www.heikkiporoila.fi\/hp\/wp-content\/uploads\/2017\/02\/Twitter_Heikki.jpg\" alt=\"\" width=\"197\" height=\"206\" \/><\/p>\n<p>Hippikuvan noin vuodelta 1967 on ottanut luokkatoverini ja yst\u00e4v\u00e4ni <strong>Kari Lepp\u00e4l\u00e4<\/strong>, joka on yst\u00e4v\u00e4llisesti antanut minun k\u00e4ytt\u00e4\u00e4 sit\u00e4 my\u00f6s Twitter-tilini yhteydess\u00e4. Todellisuudessa n\u00e4yt\u00e4n suunnilleen t\u00e4lt\u00e4:<\/p>\n<p><a href=\"http:\/\/www.heikkiporoila.fi\/hp\/wp-content\/uploads\/2017\/03\/Heikki-Keravalla-2016.jpg\"><img loading=\"lazy\" decoding=\"async\" class=\"alignnone size-medium wp-image-305\" src=\"http:\/\/www.heikkiporoila.fi\/hp\/wp-content\/uploads\/2017\/03\/Heikki-Keravalla-2016-300x188.jpg\" alt=\"\" width=\"300\" height=\"188\" srcset=\"https:\/\/www.heikkiporoila.fi\/hp\/wp-content\/uploads\/2017\/03\/Heikki-Keravalla-2016-300x188.jpg 300w, https:\/\/www.heikkiporoila.fi\/hp\/wp-content\/uploads\/2017\/03\/Heikki-Keravalla-2016-768x482.jpg 768w\" sizes=\"auto, (max-width: 300px) 100vw, 300px\" \/><\/a><\/p>\n<p>For possible <strong>English speaking visitors<\/strong> a short introduction: All my texts and images are free for non-commercial use if the authors name is provided. Commercial use is allowed only with a permission by the author. You can contact me with <a href=\"mailto:heikki.poroila@gmail.com\">heikki.poroila@gmail.com<\/a>.<\/p>\n","protected":false},"excerpt":{"rendered":"<p>Pahasti keskener\u00e4iseksi tuomittu osio eli k\u00e4yt\u00e4nn\u00f6ss\u00e4 l\u00e4hinn\u00e4 testattu muutamalla kuvalla! Tarkoitus on ollut ajan kanssa tuoda t\u00e4nne sellaisia kuvia, joita[&#8230;]<\/p>\n","protected":false},"author":1,"featured_media":0,"parent":0,"menu_order":0,"comment_status":"closed","ping_status":"closed","template":"","meta":{"footnotes":""},"class_list":["post-33","page","type-page","status-publish","hentry"],"_links":{"self":[{"href":"https:\/\/www.heikkiporoila.fi\/hp\/wp-json\/wp\/v2\/pages\/33","targetHints":{"allow":["GET"]}}],"collection":[{"href":"https:\/\/www.heikkiporoila.fi\/hp\/wp-json\/wp\/v2\/pages"}],"about":[{"href":"https:\/\/www.heikkiporoila.fi\/hp\/wp-json\/wp\/v2\/types\/page"}],"author":[{"embeddable":true,"href":"https:\/\/www.heikkiporoila.fi\/hp\/wp-json\/wp\/v2\/users\/1"}],"replies":[{"embeddable":true,"href":"https:\/\/www.heikkiporoila.fi\/hp\/wp-json\/wp\/v2\/comments?post=33"}],"version-history":[{"count":12,"href":"https:\/\/www.heikkiporoila.fi\/hp\/wp-json\/wp\/v2\/pages\/33\/revisions"}],"predecessor-version":[{"id":690,"href":"https:\/\/www.heikkiporoila.fi\/hp\/wp-json\/wp\/v2\/pages\/33\/revisions\/690"}],"wp:attachment":[{"href":"https:\/\/www.heikkiporoila.fi\/hp\/wp-json\/wp\/v2\/media?parent=33"}],"curies":[{"name":"wp","href":"https:\/\/api.w.org\/{rel}","templated":true}]}}