{"id":35,"date":"2017-02-03T17:33:59","date_gmt":"2017-02-03T17:33:59","guid":{"rendered":"http:\/\/heikkiporoila.fi\/hp\/?page_id=35"},"modified":"2025-03-07T16:43:58","modified_gmt":"2025-03-07T16:43:58","slug":"linkkeja-ja-vinkkeja","status":"publish","type":"page","link":"https:\/\/www.heikkiporoila.fi\/hp\/linkkeja-ja-vinkkeja\/","title":{"rendered":"Vinkkej\u00e4 ja linkkej\u00e4"},"content":{"rendered":"\n<p><a href=\"https:\/\/bruundesign.com\/fi\/\">Bruun Design<\/a> &#8211; Mestarigraafikko <strong>Erik Bruunin<\/strong> t\u00f6iden verkkokauppa. H\u00e4nen <a href=\"https:\/\/www.facebook.com\/profile.php?id=100054189455478&amp;fref=ts\">Facebook-sivuillaan<\/a> n\u00e4ytet\u00e4\u00e4n aina silloin t\u00e4ll\u00f6in ennen julkaisemattomia luonnoksia ja piirroksia.<\/p>\n\n\n\n<p><a href=\"http:\/\/digi.kansalliskirjasto.fi\/\">Digikirjasto<\/a> &#8211; Kansalliskirjaston tarjoama aarreaitta suomalaisten sanoma- ja aikakauslehtien sek\u00e4 pienpainatteiden kiehtovaan maailmaan. Vapaan nettik\u00e4yt\u00f6n piiriss\u00e4 ovat aineistot vuoteen 1939 saakka. Sit\u00e4 uudempia t\u00e4ytyy tutkia Kansalliskirjaston vapaakappalep\u00e4\u00e4tteiden kautta.<\/p>\n\n\n\n<p><a href=\"https:\/\/twitter.com\/HeikkiPoroila\">Heikin Twitter-tili<\/a> &#8211; Niit\u00e4 pieni\u00e4 ajankohtaisia huomioita helmikuusta 2013 alkaen.<\/p>\n\n\n\n<p><a href=\"http:\/\/heikinvaraventtiili.blogspot.fi\/\">Heikin varaventtiili<\/a> &#8211; Twitteri\u00e4 laajempia tekstej\u00e4 vuodesta 2014 alkaen.<\/p>\n\n\n\n<p><a href=\"https:\/\/www.helsinkikuvia.fi\">Helsinkikuvia.fi<\/a> &#8211; Yli 45 000 Helsinkiin liittyv\u00e4\u00e4 vanhaa valokuvaa kunnollisella resoluutiolla. Todellinen kulttuuriteko Helsingin kaupunginmuseolta.&nbsp; N\u00e4it\u00e4 saa vapaasti k\u00e4ytt\u00e4\u00e4 mainitsemalla kuvaajan nimen (jos tiedossa) ja Helsingin kaupunginmuseon.<\/p>\n\n\n\n<p><a href=\"http:\/\/tichynlaari.blogspot.fi\/\">Kosmokseen kirjoitettua<\/a> &#8211; Suuresti arvostamani fyysikon ja yhteiskunnallisen toimijan <strong>Syksy R\u00e4s\u00e4sen<\/strong> kosmologiaan keskittyv\u00e4 blogi. Yhteiskunnallinen rooli toteutuu enemm\u00e4n <a href=\"https:\/\/twitter.com\/SyksyRasanen\">Twitterin<\/a> kautta.<\/p>\n\n\n\n<p><a href=\"http:\/\/pekkahtgronow.blogspot.fi\/\">Kuka omistaa musiikin?<\/a> &#8211; \u00c4\u00e4nilevyjen ykk\u00f6sasiantuntijamme <strong>Pekka Gronowin<\/strong> blogi, joka k\u00e4sittelee &#8221;tekij\u00e4noikeuteen, musiikkiin ja \u00e4\u00e4nilevyn historiaan liittyvi\u00e4 ajankohtaisia tai muuten kiinnostavia aiheita&#8221;.<\/p>\n\n\n\n<p><a href=\"http:\/\/musiikkikirjastot.fi\">Musiikkikirjastot.fi<\/a> &#8211; Kaikenlaisten musiikkikirjastoasioiden kohtaamispaikka.<\/p>\n\n\n\n<p><a href=\"http:\/\/www.seppo.net\/\">Sepponet<\/a> &#8211; Loistavan piirt\u00e4j\u00e4n ja aktiivisen luonnonsuojelijan <strong>Seppo Leinosen<\/strong> sivut. Sepon piirrokset ovat monille tuttuja luonnonsuojelulehdist\u00e4 ja ne sivaltavat aina yht\u00e4 ajankohtaisesti kulloistakin luontomme turmelijaa.<\/p>\n\n\n\n<p><a href=\"http:\/\/www.virtaperko.fi\/\">S\u00e4velt\u00e4j\u00e4 Olli Virtaperko<\/a> &#8211; Hienon suomalaisen nykys\u00e4velt\u00e4j\u00e4n hienosti toteutetut kotisivut, jotka antavat kiinnostuneelle kerrankin riitt\u00e4v\u00e4sti informaatiota ja sis\u00e4lt\u00f6\u00e4, my\u00f6s itse s\u00e4vellyksist\u00e4.<\/p>\n\n\n\n<p><a href=\"http:\/\/tichynlaari.blogspot.fi\/\">Tichyn kosminen kulttuurilaari<\/a> &#8211; Luokkatoverini ja yst\u00e4v\u00e4ni <strong>Kari Lepp\u00e4l\u00e4n<\/strong> blogi, joka tarjoaa tekniikan tohtorin lukeneita ja humanistisia ajatuksia.<\/p>\n\n\n\n<p><a href=\"https:\/\/arsca.linneanet.fi\/\">UNIARTS-tietokanta<\/a> &#8211; Taideyliopiston kirjaston kokoelmatietokanta, jonka t\u00e4rkein osa on Sibelius-Akatemian kirjasto. Sen julkaisuarkisto <a href=\"https:\/\/taju.uniarts.fi\/\">Taju <\/a>on merkitt\u00e4v\u00e4 mm. digitoitujen s\u00e4vellysk\u00e4sikirjoitusten ja opinn\u00e4ytteiden l\u00e4hde.<\/p>\n\n\n\n<p><a href=\"http:\/\/www.vartiosaari.fi\/uudet_sivut\/\">Vartiosaari<\/a> &#8211; Helsingin lyhytn\u00e4k\u00f6iset p\u00e4\u00e4tt\u00e4j\u00e4t haluavat rakentaa t\u00e4m\u00e4n ainutlaatuisen ihmisen ja luonnon kohtaamispaikan t\u00e4yteen kerrostaloja. Mutta taistelu ei ole p\u00e4\u00e4ttynyt. Vartiosaari on kaiken puolustuksen ja arvostuksen arvoinen.<\/p>\n\n\n\n<p>Zappa-linkkej\u00e4 &#8211; T\u00e4ss\u00e4 joitain hy\u00f6dyllisi\u00e4 verkkolinkkej\u00e4 niille, joita kiinnostaa Frank Zappa ja h\u00e4nen musiikkinsa.<\/p>\n\n\n\n<ul class=\"wp-block-list\">\n<li><a href=\"http:\/\/globalia.net\/donlope\/fz\/songs\/\">FZ Songlist<\/a> &#8211; Pitk\u00e4ik\u00e4inen yleissivu Zappan disko- ja videografian maailmaan. Sivustoa pit\u00e4\u00e4 yll\u00e4 <strong>Rom\u00e1n Garc\u00eda Albertos<\/strong>.<\/li>\n\n\n\n<li><a href=\"http:\/\/www.afka.net\/index.htm\">Zappa Books<\/a> &#8211; Virolaisen <strong>Avo Raupin<\/strong> toimittama sivusto Zappa-teksteist\u00e4.<\/li>\n\n\n\n<li><a href=\"http:\/\/www.zappa.com\/\">Zappa.com<\/a> &#8211; Zappan perikunnan viralliset sivut.<\/li>\n\n\n\n<li><a href=\"http:\/\/wiki.killuglyradio.com\/wiki\/Main_Page\">Zappa Wiki Jawaka<\/a> &#8211; Laaja Wiki-tyyppinen sivusto, joka sis\u00e4lt\u00e4\u00e4 jo melkein 5000 Zappa-aiheista artikkelia.<\/li>\n<\/ul>\n","protected":false},"excerpt":{"rendered":"<p>Bruun Design &#8211; Mestarigraafikko Erik Bruunin t\u00f6iden verkkokauppa. H\u00e4nen Facebook-sivuillaan n\u00e4ytet\u00e4\u00e4n aina silloin t\u00e4ll\u00f6in ennen julkaisemattomia luonnoksia ja piirroksia. Digikirjasto[&#8230;]<\/p>\n","protected":false},"author":1,"featured_media":0,"parent":0,"menu_order":0,"comment_status":"closed","ping_status":"closed","template":"","meta":{"footnotes":""},"class_list":["post-35","page","type-page","status-publish","hentry"],"_links":{"self":[{"href":"https:\/\/www.heikkiporoila.fi\/hp\/wp-json\/wp\/v2\/pages\/35","targetHints":{"allow":["GET"]}}],"collection":[{"href":"https:\/\/www.heikkiporoila.fi\/hp\/wp-json\/wp\/v2\/pages"}],"about":[{"href":"https:\/\/www.heikkiporoila.fi\/hp\/wp-json\/wp\/v2\/types\/page"}],"author":[{"embeddable":true,"href":"https:\/\/www.heikkiporoila.fi\/hp\/wp-json\/wp\/v2\/users\/1"}],"replies":[{"embeddable":true,"href":"https:\/\/www.heikkiporoila.fi\/hp\/wp-json\/wp\/v2\/comments?post=35"}],"version-history":[{"count":15,"href":"https:\/\/www.heikkiporoila.fi\/hp\/wp-json\/wp\/v2\/pages\/35\/revisions"}],"predecessor-version":[{"id":736,"href":"https:\/\/www.heikkiporoila.fi\/hp\/wp-json\/wp\/v2\/pages\/35\/revisions\/736"}],"wp:attachment":[{"href":"https:\/\/www.heikkiporoila.fi\/hp\/wp-json\/wp\/v2\/media?parent=35"}],"curies":[{"name":"wp","href":"https:\/\/api.w.org\/{rel}","templated":true}]}}