{"id":457,"date":"2017-12-12T19:12:20","date_gmt":"2017-12-12T19:12:20","guid":{"rendered":"http:\/\/www.heikkiporoila.fi\/hp\/?page_id=457"},"modified":"2026-02-01T21:33:29","modified_gmt":"2026-02-01T21:33:29","slug":"erkki-melartinin-teosluettelo","status":"publish","type":"page","link":"https:\/\/www.heikkiporoila.fi\/hp\/teksteja\/honkakirja\/erkki-melartinin-teosluettelo\/","title":{"rendered":"Erkki Melartinin teosluettelo"},"content":{"rendered":"<p><a href=\"http:\/\/www.heikkiporoila.fi\/hp\/wp-content\/uploads\/2020\/10\/9789526871134.pdf\"><strong><em>Erkki Melartinin teosluettelo 2.0<\/em><\/strong><\/a> on korjattu verkkoversio joulukuussa 2016 julkaistusta samannimisest\u00e4 kirjasta (Suomen musiikkikirjastoyhdistys, ISBN 978-952-5363-34-0). Julkaisu on vapaasti kenen tahansa maksutta k\u00e4ytett\u00e4viss\u00e4, ladattavissa ja linkitett\u00e4viss\u00e4 ei-kaupallisiin tarkoituksiin.<\/p>\n<p>This catalog is in Finnish only, though the subtitle <em>Erkki Melartin Work Catalog<\/em> might suggest something else. An version in English is in preparation, but meanwhile please have a look at a short <a href=\"http:\/\/www.heikkiporoila.fi\/hp\/teksteja\/honkakirja\/erkki-melartinin-teosluettelo\/glossary\/\">glossary<\/a>.<\/p>\n<p>Uusin versio on julkaistu <strong>22.10.2020<\/strong>. T\u00e4m\u00e4nkin j\u00e4lkeen on tullut runsaasti korjauksia ja perusteellisesti uudistettu laitos ilmestyi elokuussa 2025 nimell\u00e4 <em>Noli me tangere<\/em>. My\u00f6hemmin teht\u00e4v\u00e4 PDF-versio korvaa vuoden 2020 laitoksen.<\/p>\n<p><a href=\"http:\/\/www.heikkiporoila.fi\/hp\/wp-content\/uploads\/2020\/10\/9789526871134.pdf\"><img loading=\"lazy\" decoding=\"async\" class=\"alignnone size-medium wp-image-573\" src=\"http:\/\/www.heikkiporoila.fi\/hp\/wp-content\/uploads\/2020\/10\/Erkki-Melartinin-teosluettelo-2020-212x300.jpg\" alt=\"\" width=\"212\" height=\"300\" srcset=\"https:\/\/www.heikkiporoila.fi\/hp\/wp-content\/uploads\/2020\/10\/Erkki-Melartinin-teosluettelo-2020-212x300.jpg 212w, https:\/\/www.heikkiporoila.fi\/hp\/wp-content\/uploads\/2020\/10\/Erkki-Melartinin-teosluettelo-2020-768x1087.jpg 768w, https:\/\/www.heikkiporoila.fi\/hp\/wp-content\/uploads\/2020\/10\/Erkki-Melartinin-teosluettelo-2020.jpg 826w\" sizes=\"auto, (max-width: 212px) 100vw, 212px\" \/><\/a><\/p>\n","protected":false},"excerpt":{"rendered":"<p>Erkki Melartinin teosluettelo 2.0 on korjattu verkkoversio joulukuussa 2016 julkaistusta samannimisest\u00e4 kirjasta (Suomen musiikkikirjastoyhdistys, ISBN 978-952-5363-34-0). Julkaisu on vapaasti kenen[&#8230;]<\/p>\n","protected":false},"author":1,"featured_media":0,"parent":365,"menu_order":0,"comment_status":"closed","ping_status":"closed","template":"","meta":{"footnotes":""},"class_list":["post-457","page","type-page","status-publish","hentry"],"_links":{"self":[{"href":"https:\/\/www.heikkiporoila.fi\/hp\/wp-json\/wp\/v2\/pages\/457","targetHints":{"allow":["GET"]}}],"collection":[{"href":"https:\/\/www.heikkiporoila.fi\/hp\/wp-json\/wp\/v2\/pages"}],"about":[{"href":"https:\/\/www.heikkiporoila.fi\/hp\/wp-json\/wp\/v2\/types\/page"}],"author":[{"embeddable":true,"href":"https:\/\/www.heikkiporoila.fi\/hp\/wp-json\/wp\/v2\/users\/1"}],"replies":[{"embeddable":true,"href":"https:\/\/www.heikkiporoila.fi\/hp\/wp-json\/wp\/v2\/comments?post=457"}],"version-history":[{"count":14,"href":"https:\/\/www.heikkiporoila.fi\/hp\/wp-json\/wp\/v2\/pages\/457\/revisions"}],"predecessor-version":[{"id":834,"href":"https:\/\/www.heikkiporoila.fi\/hp\/wp-json\/wp\/v2\/pages\/457\/revisions\/834"}],"up":[{"embeddable":true,"href":"https:\/\/www.heikkiporoila.fi\/hp\/wp-json\/wp\/v2\/pages\/365"}],"wp:attachment":[{"href":"https:\/\/www.heikkiporoila.fi\/hp\/wp-json\/wp\/v2\/media?parent=457"}],"curies":[{"name":"wp","href":"https:\/\/api.w.org\/{rel}","templated":true}]}}