{"id":80,"date":"2017-02-12T20:42:39","date_gmt":"2017-02-12T20:42:39","guid":{"rendered":"http:\/\/www.heikkiporoila.fi\/hp\/?page_id=80"},"modified":"2023-08-21T15:08:15","modified_gmt":"2023-08-21T15:08:15","slug":"luontokuvia","status":"publish","type":"page","link":"https:\/\/www.heikkiporoila.fi\/hp\/kuvat\/luontokuvia\/","title":{"rendered":"Luontokuvia"},"content":{"rendered":"<p><a href=\"https:\/\/www.heikkiporoila.fi\/hp\/wp-content\/uploads\/2017\/03\/120830-Still-Leben-04.jpg\" target=\"_blank\" rel=\"noopener\"><img loading=\"lazy\" decoding=\"async\" class=\"wp-image-315 alignleft\" src=\"http:\/\/www.heikkiporoila.fi\/hp\/wp-content\/uploads\/2017\/03\/120830-Still-Leben-04-300x228.jpg\" alt=\"\" width=\"369\" height=\"281\" srcset=\"https:\/\/www.heikkiporoila.fi\/hp\/wp-content\/uploads\/2017\/03\/120830-Still-Leben-04-300x228.jpg 300w, https:\/\/www.heikkiporoila.fi\/hp\/wp-content\/uploads\/2017\/03\/120830-Still-Leben-04-768x584.jpg 768w\" sizes=\"auto, (max-width: 369px) 100vw, 369px\" \/><\/a><\/p>\n<p>Olen luontokuvaajana valaistuksen, sattuman ja k\u00e4rsim\u00e4tt\u00f6myyteni armoilla oleva laiskuri. Syyt\u00e4n ep\u00e4ter\u00e4vist\u00e4 kuvista mielell\u00e4\u00e4n puutteellista kalustoani, vaikka todellisuudessa en viitsinyt kantaa jalustaa mukana. Aina silloin t\u00e4ll\u00f6in tulee kuitenkin saalista, johon on itsekin melkein tyytyv\u00e4inen. Viikin kirjastossa pidetyn valokuvan\u00e4yttelyn <em>Minun Viikkini<\/em> yhteydess\u00e4 sivusta kuulemani hiukan n\u00e4rk\u00e4stynyt kommentti &#8221;Toi on varmaan nyysitty joltain netin ammattikuvaajalta&#8221; on hienointa, mit\u00e4 kuvistani on koskaan sanottu.<\/p>\n<p>P\u00e4\u00e4osan viime vuosien kuvista olen ottanut kevyell\u00e4, mukana helposti liikkuvalla <strong>Nikon P340<\/strong> -pokkarilla. Kun tied\u00e4n, ett\u00e4 luvassa on nopeaa tekniikkaa vaativia tilanteita, raahaan mukaani <strong>Nikon D-200<\/strong>:n. Se on teknisesti jo v\u00e4h\u00e4n i\u00e4k\u00e4s, mutta en ole toistaiseksi antanut itselleni lupaa uuden sukupolven kameran hankkimiseen.<\/p>\n<p>T\u00e4ysikokoinen kuva avautuu pikkukuvaa klikkaamalla.<\/p>\n<p><a href=\"http:\/\/www.heikkiporoila.fi\/hp\/wp-content\/uploads\/2017\/02\/160825-Vallisaaressa.jpg\"><img loading=\"lazy\" decoding=\"async\" class=\"alignnone size-medium wp-image-108\" src=\"http:\/\/www.heikkiporoila.fi\/hp\/wp-content\/uploads\/2017\/02\/160825-Vallisaaressa-300x261.jpg\" alt=\"\" width=\"300\" height=\"261\" srcset=\"https:\/\/www.heikkiporoila.fi\/hp\/wp-content\/uploads\/2017\/02\/160825-Vallisaaressa-300x261.jpg 300w, https:\/\/www.heikkiporoila.fi\/hp\/wp-content\/uploads\/2017\/02\/160825-Vallisaaressa-768x668.jpg 768w\" sizes=\"auto, (max-width: 300px) 100vw, 300px\" \/><\/a> \u00a0 <a href=\"http:\/\/www.heikkiporoila.fi\/hp\/wp-content\/uploads\/2017\/03\/130831-L\u00e4hiluontoa-15.jpg\"><img loading=\"lazy\" decoding=\"async\" class=\"alignnone wp-image-314\" src=\"http:\/\/www.heikkiporoila.fi\/hp\/wp-content\/uploads\/2017\/03\/130831-L\u00e4hiluontoa-15-188x300.jpg\" alt=\"\" width=\"165\" height=\"263\" srcset=\"https:\/\/www.heikkiporoila.fi\/hp\/wp-content\/uploads\/2017\/03\/130831-L\u00e4hiluontoa-15-188x300.jpg 188w, https:\/\/www.heikkiporoila.fi\/hp\/wp-content\/uploads\/2017\/03\/130831-L\u00e4hiluontoa-15-768x1226.jpg 768w, https:\/\/www.heikkiporoila.fi\/hp\/wp-content\/uploads\/2017\/03\/130831-L\u00e4hiluontoa-15-1879x3000.jpg 1879w\" sizes=\"auto, (max-width: 165px) 100vw, 165px\" \/> <\/a><a href=\"http:\/\/www.heikkiporoila.fi\/hp\/wp-content\/uploads\/2017\/03\/040815-Sieness\u00e4-Landbossa-11.jpg\">\u00a0 <img loading=\"lazy\" decoding=\"async\" class=\" wp-image-335\" src=\"http:\/\/www.heikkiporoila.fi\/hp\/wp-content\/uploads\/2017\/03\/040815-Sieness\u00e4-Landbossa-11-254x300.jpg\" alt=\"\" width=\"224\" height=\"264\" srcset=\"https:\/\/www.heikkiporoila.fi\/hp\/wp-content\/uploads\/2017\/03\/040815-Sieness\u00e4-Landbossa-11-254x300.jpg 254w, https:\/\/www.heikkiporoila.fi\/hp\/wp-content\/uploads\/2017\/03\/040815-Sieness\u00e4-Landbossa-11-768x907.jpg 768w, https:\/\/www.heikkiporoila.fi\/hp\/wp-content\/uploads\/2017\/03\/040815-Sieness\u00e4-Landbossa-11.jpg 1748w\" sizes=\"auto, (max-width: 224px) 100vw, 224px\" \/><\/a><\/p>\n<p>Vierailin Helsingin Vallisaaressa 25.8.2016. Paikka on my\u00f6s luontoa kuvaavalle aarreaitta, ei v\u00e4hiten ilman puistoty\u00f6ntekij\u00f6iden pontevia toimia rehottavien lahopuiden ja niill\u00e4 el\u00e4vien upeiden k\u00e4\u00e4pien takia. Rakastan muutenkin sienten kuvaamista. Ne ovat mielikuvitusta kiihottavan n\u00e4k\u00f6isi\u00e4 ja pysyv\u00e4t kiltisti paikallaan kuvaamisen ajan. T\u00e4m\u00e4n k\u00e4rp\u00e4ssienikaunottaren ikuistin 31.8.2013 Viikiss\u00e4 puretun ratapenkan kyljest\u00e4. Kamera oli Coolpix S9300. Komea herkkutatti on poimittu ja kuvattu Landbossa 15.8.2004. Kamerani oli noina aikoina DiMAGE 7.<\/p>\n<p><a href=\"http:\/\/www.heikkiporoila.fi\/hp\/wp-content\/uploads\/2017\/02\/160207-Mehil\u00e4issaari.jpg\"><img loading=\"lazy\" decoding=\"async\" class=\" wp-image-128 alignleft\" src=\"http:\/\/www.heikkiporoila.fi\/hp\/wp-content\/uploads\/2017\/02\/160207-Mehil\u00e4issaari-300x179.jpg\" alt=\"\" width=\"379\" height=\"226\" srcset=\"https:\/\/www.heikkiporoila.fi\/hp\/wp-content\/uploads\/2017\/02\/160207-Mehil\u00e4issaari-300x179.jpg 300w, https:\/\/www.heikkiporoila.fi\/hp\/wp-content\/uploads\/2017\/02\/160207-Mehil\u00e4issaari-768x457.jpg 768w\" sizes=\"auto, (max-width: 379px) 100vw, 379px\" \/><\/a><a href=\"http:\/\/www.heikkiporoila.fi\/hp\/wp-content\/uploads\/2017\/02\/161228-Aurinko-kultaa-Lehtikankaan-lumiset-puut-04.jpg\"><img loading=\"lazy\" decoding=\"async\" class=\" wp-image-77 alignleft\" src=\"http:\/\/www.heikkiporoila.fi\/hp\/wp-content\/uploads\/2017\/02\/161228-Aurinko-kultaa-Lehtikankaan-lumiset-puut-04-300x225.jpg\" alt=\"\" width=\"304\" height=\"228\" srcset=\"https:\/\/www.heikkiporoila.fi\/hp\/wp-content\/uploads\/2017\/02\/161228-Aurinko-kultaa-Lehtikankaan-lumiset-puut-04-300x225.jpg 300w, https:\/\/www.heikkiporoila.fi\/hp\/wp-content\/uploads\/2017\/02\/161228-Aurinko-kultaa-Lehtikankaan-lumiset-puut-04-768x576.jpg 768w, https:\/\/www.heikkiporoila.fi\/hp\/wp-content\/uploads\/2017\/02\/161228-Aurinko-kultaa-Lehtikankaan-lumiset-puut-04-1024x768.jpg 1024w, https:\/\/www.heikkiporoila.fi\/hp\/wp-content\/uploads\/2017\/02\/161228-Aurinko-kultaa-Lehtikankaan-lumiset-puut-04-1200x900.jpg 1200w\" sizes=\"auto, (max-width: 304px) 100vw, 304px\" \/><\/a><\/p>\n<p>Laiskana kuvaajana valtaosa luontokuvistani 2010-luvulta on per\u00e4isin Viikist\u00e4 ja sen l\u00e4hialueilta. Viel\u00e4 j\u00e4ljell\u00e4 olevien peltojen tarjoamat n\u00e4kym\u00e4t vieh\u00e4tt\u00e4v\u00e4t minua siin\u00e4 miss\u00e4 merenrantakalliot tai kuivat m\u00e4ntykankaatkin. Kuvassa on Viikin Mehil\u00e4issaari kuvattuna hienoisessa sumussa 7.2.2016. &#8211; Kajaanin Lehtikankaalla kultasi puunlatvoja juuri ja juuri horisontin ylle jaksanut aurinko 28.12.2016.<\/p>\n<p><a href=\"http:\/\/www.heikkiporoila.fi\/hp\/wp-content\/uploads\/2017\/03\/121021-Pakkasluontoa-Kajaanissa-11.jpg\"><img loading=\"lazy\" decoding=\"async\" class=\"alignnone wp-image-318\" src=\"http:\/\/www.heikkiporoila.fi\/hp\/wp-content\/uploads\/2017\/03\/121021-Pakkasluontoa-Kajaanissa-11-300x225.jpg\" alt=\"\" width=\"344\" height=\"258\" srcset=\"https:\/\/www.heikkiporoila.fi\/hp\/wp-content\/uploads\/2017\/03\/121021-Pakkasluontoa-Kajaanissa-11-300x225.jpg 300w, https:\/\/www.heikkiporoila.fi\/hp\/wp-content\/uploads\/2017\/03\/121021-Pakkasluontoa-Kajaanissa-11-768x576.jpg 768w\" sizes=\"auto, (max-width: 344px) 100vw, 344px\" \/><\/a>\u00a0\u00a0\u00a0\u00a0\u00a0 <a href=\"http:\/\/www.heikkiporoila.fi\/hp\/wp-content\/uploads\/2017\/03\/121006-L\u00e4hiluontoa-45.jpg\"><img loading=\"lazy\" decoding=\"async\" class=\"alignnone wp-image-317\" src=\"http:\/\/www.heikkiporoila.fi\/hp\/wp-content\/uploads\/2017\/03\/121006-L\u00e4hiluontoa-45-300x225.jpg\" alt=\"\" width=\"342\" height=\"256\" srcset=\"https:\/\/www.heikkiporoila.fi\/hp\/wp-content\/uploads\/2017\/03\/121006-L\u00e4hiluontoa-45-300x225.jpg 300w, https:\/\/www.heikkiporoila.fi\/hp\/wp-content\/uploads\/2017\/03\/121006-L\u00e4hiluontoa-45-768x576.jpg 768w\" sizes=\"auto, (max-width: 342px) 100vw, 342px\" \/><\/a><\/p>\n<p>Kainuussa talvi tulee normaali jo lokakuussa. Vuonna 2012 lumi antoi v\u00e4h\u00e4n odottaa, mutta pakkanen sent\u00e4\u00e4n kaunisteli maisemaa jo hyviss\u00e4 ajoin. Maahan pudonneet lehdet ovat aina kiehtoneet minua. Kuolleita, mutta usein niin tavattoman kauniita.\u00a0 Viereinen kuva on samoilta ajoilta Viikist\u00e4.<\/p>\n<p><a href=\"http:\/\/www.heikkiporoila.fi\/hp\/wp-content\/uploads\/2017\/03\/100924-Pohjolan-ryp\u00e4leit\u00e4.jpg\"><img loading=\"lazy\" decoding=\"async\" class=\"alignnone wp-image-319\" src=\"http:\/\/www.heikkiporoila.fi\/hp\/wp-content\/uploads\/2017\/03\/100924-Pohjolan-ryp\u00e4leit\u00e4-225x300.jpg\" alt=\"\" width=\"210\" height=\"280\" srcset=\"https:\/\/www.heikkiporoila.fi\/hp\/wp-content\/uploads\/2017\/03\/100924-Pohjolan-ryp\u00e4leit\u00e4-225x300.jpg 225w, https:\/\/www.heikkiporoila.fi\/hp\/wp-content\/uploads\/2017\/03\/100924-Pohjolan-ryp\u00e4leit\u00e4-768x1024.jpg 768w\" sizes=\"auto, (max-width: 210px) 100vw, 210px\" \/><\/a>\u00a0\u00a0\u00a0\u00a0<a href=\"http:\/\/www.heikkiporoila.fi\/hp\/wp-content\/uploads\/2017\/03\/Kev\u00e4tkukat.jpg\"><img loading=\"lazy\" decoding=\"async\" class=\"alignnone wp-image-321\" src=\"http:\/\/www.heikkiporoila.fi\/hp\/wp-content\/uploads\/2017\/03\/Kev\u00e4tkukat-201x300.jpg\" alt=\"\" width=\"189\" height=\"282\" srcset=\"https:\/\/www.heikkiporoila.fi\/hp\/wp-content\/uploads\/2017\/03\/Kev\u00e4tkukat-201x300.jpg 201w, https:\/\/www.heikkiporoila.fi\/hp\/wp-content\/uploads\/2017\/03\/Kev\u00e4tkukat-768x1147.jpg 768w, https:\/\/www.heikkiporoila.fi\/hp\/wp-content\/uploads\/2017\/03\/Kev\u00e4tkukat-2008x3000.jpg 2008w\" sizes=\"auto, (max-width: 189px) 100vw, 189px\" \/><\/a> \u00a0\u00a0 <a href=\"http:\/\/www.heikkiporoila.fi\/hp\/wp-content\/uploads\/2017\/03\/020614-Unikot-09.jpg\"><img loading=\"lazy\" decoding=\"async\" class=\"alignnone wp-image-337\" src=\"http:\/\/www.heikkiporoila.fi\/hp\/wp-content\/uploads\/2017\/03\/020614-Unikot-09-278x300.jpg\" alt=\"\" width=\"263\" height=\"284\" srcset=\"https:\/\/www.heikkiporoila.fi\/hp\/wp-content\/uploads\/2017\/03\/020614-Unikot-09-278x300.jpg 278w, https:\/\/www.heikkiporoila.fi\/hp\/wp-content\/uploads\/2017\/03\/020614-Unikot-09.jpg 632w\" sizes=\"auto, (max-width: 263px) 100vw, 263px\" \/><\/a><\/p>\n<p>Viiniryp\u00e4leit\u00e4 viikkil\u00e4isen talon seinustalta 24.9.2010. Iloa silm\u00e4lle, mutta ei juuri makuaistille. Viereinen kuva edustaa kaunotaiteellista l\u00e4hikuvausharrastustani, joka aina silloin t\u00e4ll\u00f6in tuottaa esteettisesti miellytt\u00e4vi\u00e4 ja valokuvauksellisesti mielenkiintoisia tuloksia. N\u00e4m\u00e4 kev\u00e4tkukat on vangittu digitaaliseksi informaatioksi 9.5.2007 ja unikon kukinto puolestaan 14.6.2002.<\/p>\n<p><a href=\"http:\/\/www.heikkiporoila.fi\/hp\/wp-content\/uploads\/2017\/03\/Pisarat-pimeydess\u00e4.jpg\"><img loading=\"lazy\" decoding=\"async\" class=\"alignnone wp-image-322\" src=\"http:\/\/www.heikkiporoila.fi\/hp\/wp-content\/uploads\/2017\/03\/Pisarat-pimeydess\u00e4-300x201.jpg\" alt=\"\" width=\"397\" height=\"266\" srcset=\"https:\/\/www.heikkiporoila.fi\/hp\/wp-content\/uploads\/2017\/03\/Pisarat-pimeydess\u00e4-300x201.jpg 300w, https:\/\/www.heikkiporoila.fi\/hp\/wp-content\/uploads\/2017\/03\/Pisarat-pimeydess\u00e4-768x514.jpg 768w, https:\/\/www.heikkiporoila.fi\/hp\/wp-content\/uploads\/2017\/03\/Pisarat-pimeydess\u00e4-840x560.jpg 840w, https:\/\/www.heikkiporoila.fi\/hp\/wp-content\/uploads\/2017\/03\/Pisarat-pimeydess\u00e4-120x80.jpg 120w, https:\/\/www.heikkiporoila.fi\/hp\/wp-content\/uploads\/2017\/03\/Pisarat-pimeydess\u00e4-360x240.jpg 360w, https:\/\/www.heikkiporoila.fi\/hp\/wp-content\/uploads\/2017\/03\/Pisarat-pimeydess\u00e4-600x400.jpg 600w, https:\/\/www.heikkiporoila.fi\/hp\/wp-content\/uploads\/2017\/03\/Pisarat-pimeydess\u00e4-480x320.jpg 480w\" sizes=\"auto, (max-width: 397px) 100vw, 397px\" \/><\/a> \u00a0 <a href=\"http:\/\/www.heikkiporoila.fi\/hp\/wp-content\/uploads\/2017\/03\/120830-Still-Leben-14.jpg\"><img loading=\"lazy\" decoding=\"async\" class=\"alignnone wp-image-316\" src=\"http:\/\/www.heikkiporoila.fi\/hp\/wp-content\/uploads\/2017\/03\/120830-Still-Leben-14-300x225.jpg\" alt=\"\" width=\"355\" height=\"266\" srcset=\"https:\/\/www.heikkiporoila.fi\/hp\/wp-content\/uploads\/2017\/03\/120830-Still-Leben-14-300x225.jpg 300w, https:\/\/www.heikkiporoila.fi\/hp\/wp-content\/uploads\/2017\/03\/120830-Still-Leben-14-768x576.jpg 768w\" sizes=\"auto, (max-width: 355px) 100vw, 355px\" \/><\/a><\/p>\n<p>Hankin vuonna 2007 rengassalaman voidakseni tehd\u00e4 makrokuvausta my\u00f6s huonossa luonnonvalossa. Nolostuttavan v\u00e4h\u00e4lle k\u00e4yt\u00f6lle sekin hankinta on j\u00e4\u00e4nyt, mutta 2.9.2008 k\u00e4vin ikuistamassa sateen raikastamia kasvimaan kukkia t\u00e4llaisin &#8221;taiteellisin&#8221; tuloksin D-200:lla. T\u00e4m\u00e4 on muuten juuri se kuva, johon alussa viittasin &#8221;netist\u00e4 varastettuna&#8221;. Kai minun t\u00e4ytyy tulkita lausuma niin, ett\u00e4 t\u00e4ss\u00e4 on joitain onnistuneen kuvan elementtej\u00e4. &#8211; My\u00f6s viereinen kuva kuuluu tekotaiteellisten ryhm\u00e4\u00e4n. Itse kukka on tietysti viaton tapahtumiin, mutta t\u00e4ss\u00e4 on kasvi tuotu sis\u00e4lle, aseteltu neutraalin sein\u00e4pinnan eteen ja k\u00e4ytetty sitten teleobjektiivia. Kuva on napattu 30.8.2012. Kamerana oli Coolpix S8000.<\/p>\n<p><a href=\"http:\/\/www.heikkiporoila.fi\/hp\/wp-content\/uploads\/2017\/03\/100815-Viikin-peltojen-antimia-078.jpg\"><img loading=\"lazy\" decoding=\"async\" class=\"alignnone wp-image-310\" src=\"http:\/\/www.heikkiporoila.fi\/hp\/wp-content\/uploads\/2017\/03\/100815-Viikin-peltojen-antimia-078-276x300.jpg\" alt=\"\" width=\"222\" height=\"241\" srcset=\"https:\/\/www.heikkiporoila.fi\/hp\/wp-content\/uploads\/2017\/03\/100815-Viikin-peltojen-antimia-078-276x300.jpg 276w, https:\/\/www.heikkiporoila.fi\/hp\/wp-content\/uploads\/2017\/03\/100815-Viikin-peltojen-antimia-078-768x834.jpg 768w\" sizes=\"auto, (max-width: 222px) 100vw, 222px\" \/><\/a>\u00a0\u00a0<a href=\"http:\/\/www.heikkiporoila.fi\/hp\/wp-content\/uploads\/2017\/03\/120812-Pellon-aarteita-01.jpg\"><img loading=\"lazy\" decoding=\"async\" class=\"alignnone size-medium wp-image-307\" src=\"http:\/\/www.heikkiporoila.fi\/hp\/wp-content\/uploads\/2017\/03\/120812-Pellon-aarteita-01-300x194.jpg\" alt=\"\" width=\"300\" height=\"194\" srcset=\"https:\/\/www.heikkiporoila.fi\/hp\/wp-content\/uploads\/2017\/03\/120812-Pellon-aarteita-01-300x194.jpg 300w, https:\/\/www.heikkiporoila.fi\/hp\/wp-content\/uploads\/2017\/03\/120812-Pellon-aarteita-01-768x496.jpg 768w\" sizes=\"auto, (max-width: 300px) 100vw, 300px\" \/>\u00a0 <\/a><a href=\"http:\/\/www.heikkiporoila.fi\/hp\/wp-content\/uploads\/2017\/03\/100921-Pellon-aartehia-20.jpg\"><img loading=\"lazy\" decoding=\"async\" class=\"alignnone wp-image-311\" src=\"http:\/\/www.heikkiporoila.fi\/hp\/wp-content\/uploads\/2017\/03\/100921-Pellon-aartehia-20-240x300.jpg\" alt=\"\" width=\"192\" height=\"240\" srcset=\"https:\/\/www.heikkiporoila.fi\/hp\/wp-content\/uploads\/2017\/03\/100921-Pellon-aartehia-20-240x300.jpg 240w, https:\/\/www.heikkiporoila.fi\/hp\/wp-content\/uploads\/2017\/03\/100921-Pellon-aartehia-20-768x962.jpg 768w\" sizes=\"auto, (max-width: 192px) 100vw, 192px\" \/><\/a><a href=\"http:\/\/www.heikkiporoila.fi\/hp\/wp-content\/uploads\/2017\/03\/120812-Pellon-aarteita-01.jpg\">\u00a0\u00a0<\/a><a href=\"http:\/\/www.heikkiporoila.fi\/hp\/wp-content\/uploads\/2017\/03\/100921-Pellon-aartehia-54.jpg\"><img loading=\"lazy\" decoding=\"async\" class=\"alignnone wp-image-312\" src=\"http:\/\/www.heikkiporoila.fi\/hp\/wp-content\/uploads\/2017\/03\/100921-Pellon-aartehia-54-300x238.jpg\" alt=\"\" width=\"276\" height=\"219\" srcset=\"https:\/\/www.heikkiporoila.fi\/hp\/wp-content\/uploads\/2017\/03\/100921-Pellon-aartehia-54-300x238.jpg 300w, https:\/\/www.heikkiporoila.fi\/hp\/wp-content\/uploads\/2017\/03\/100921-Pellon-aartehia-54-768x608.jpg 768w\" sizes=\"auto, (max-width: 276px) 100vw, 276px\" \/><\/a>\u00a0<a href=\"http:\/\/www.heikkiporoila.fi\/hp\/wp-content\/uploads\/2017\/03\/111010-Pellon-aarteita115.jpg\"><img loading=\"lazy\" decoding=\"async\" class=\"alignnone wp-image-313\" src=\"http:\/\/www.heikkiporoila.fi\/hp\/wp-content\/uploads\/2017\/03\/111010-Pellon-aarteita115-297x300.jpg\" alt=\"\" width=\"230\" height=\"232\" srcset=\"https:\/\/www.heikkiporoila.fi\/hp\/wp-content\/uploads\/2017\/03\/111010-Pellon-aarteita115-297x300.jpg 297w, https:\/\/www.heikkiporoila.fi\/hp\/wp-content\/uploads\/2017\/03\/111010-Pellon-aarteita115-150x150.jpg 150w, https:\/\/www.heikkiporoila.fi\/hp\/wp-content\/uploads\/2017\/03\/111010-Pellon-aarteita115-768x776.jpg 768w\" sizes=\"auto, (max-width: 230px) 100vw, 230px\" \/><\/a> <a href=\"http:\/\/www.heikkiporoila.fi\/hp\/wp-content\/uploads\/2017\/03\/140819-Pellon-esihistoriaa-uusina-kuvina-04.jpg\"><img loading=\"lazy\" decoding=\"async\" class=\"alignnone wp-image-329\" src=\"http:\/\/www.heikkiporoila.fi\/hp\/wp-content\/uploads\/2017\/03\/140819-Pellon-esihistoriaa-uusina-kuvina-04-300x289.jpg\" alt=\"\" width=\"234\" height=\"226\" srcset=\"https:\/\/www.heikkiporoila.fi\/hp\/wp-content\/uploads\/2017\/03\/140819-Pellon-esihistoriaa-uusina-kuvina-04-300x289.jpg 300w, https:\/\/www.heikkiporoila.fi\/hp\/wp-content\/uploads\/2017\/03\/140819-Pellon-esihistoriaa-uusina-kuvina-04-768x741.jpg 768w, https:\/\/www.heikkiporoila.fi\/hp\/wp-content\/uploads\/2017\/03\/140819-Pellon-esihistoriaa-uusina-kuvina-04.jpg 1791w\" sizes=\"auto, (max-width: 234px) 100vw, 234px\" \/><\/a><\/p>\n<p>Viikin peltoja on viljelty pitk\u00e4\u00e4n, satoja vuosia. Sit\u00e4 ennen peltoja peitti meri, jota pitkin muinaiset hylkeenpyyt\u00e4j\u00e4t liikkuivat etel\u00e4isen Suomen muodostaneessa saaristossa, aina joskus jotain veteen pudotellen modernin ajan aarteenetsij\u00f6ille l\u00f6ydett\u00e4v\u00e4ksi. N\u00e4iss\u00e4 kuvissa on tosin v\u00e4h\u00e4n uudempia l\u00f6yt\u00f6j\u00e4, jotka ovat kulkeutuneet peltoon vahvimman teorian mukaan l\u00e4hitienoitten laski\u00e4mp\u00e4reist\u00e4, joiden sis\u00e4ll\u00f6n viisaat viljelij\u00e4t ker\u00e4siv\u00e4t talteen &#8211; ja siin\u00e4 samassa rikkoutuneet kahvikupit ja vastaavat. Toisen teorian mukaan Viikin peltojen tavaton sirpalepitoisuus johtuu l\u00e4heisest\u00e4 Arabian tehtaasta, josta olisi tuotu j\u00e4temaata. Miksi kivitehtaan j\u00e4tett\u00e4 olisi vasiten ajettu pellolle, siihen ei ole vastausta l\u00f6ytynyt. N\u00e4m\u00e4 menneen maailman muistot ovat joka tapauksessa tavattoman vieh\u00e4tt\u00e4vi\u00e4, varsinkin sen j\u00e4lkeen, kun ne on pesty savesta ja mudasta puhtaaksi. Itsell\u00e4ni on t\u00e4llaisia kuvia monta sataa.<\/p>\n<p><a href=\"http:\/\/www.heikkiporoila.fi\/hp\/wp-content\/uploads\/2017\/03\/020602-Iltapilvet-08.jpg\"><img loading=\"lazy\" decoding=\"async\" class=\"alignnone wp-image-336\" src=\"http:\/\/www.heikkiporoila.fi\/hp\/wp-content\/uploads\/2017\/03\/020602-Iltapilvet-08-300x209.jpg\" alt=\"\" width=\"359\" height=\"250\" srcset=\"https:\/\/www.heikkiporoila.fi\/hp\/wp-content\/uploads\/2017\/03\/020602-Iltapilvet-08-300x209.jpg 300w, https:\/\/www.heikkiporoila.fi\/hp\/wp-content\/uploads\/2017\/03\/020602-Iltapilvet-08-768x534.jpg 768w, https:\/\/www.heikkiporoila.fi\/hp\/wp-content\/uploads\/2017\/03\/020602-Iltapilvet-08.jpg 1103w\" sizes=\"auto, (max-width: 359px) 100vw, 359px\" \/><\/a>\u00a0\u00a0\u00a0 <a href=\"http:\/\/www.heikkiporoila.fi\/hp\/wp-content\/uploads\/2017\/03\/030821-Iltapilvet-07.jpg\"><img loading=\"lazy\" decoding=\"async\" class=\" wp-image-334\" src=\"http:\/\/www.heikkiporoila.fi\/hp\/wp-content\/uploads\/2017\/03\/030821-Iltapilvet-07-300x225.jpg\" alt=\"\" width=\"332\" height=\"249\" srcset=\"https:\/\/www.heikkiporoila.fi\/hp\/wp-content\/uploads\/2017\/03\/030821-Iltapilvet-07-300x225.jpg 300w, https:\/\/www.heikkiporoila.fi\/hp\/wp-content\/uploads\/2017\/03\/030821-Iltapilvet-07-768x576.jpg 768w, https:\/\/www.heikkiporoila.fi\/hp\/wp-content\/uploads\/2017\/03\/030821-Iltapilvet-07.jpg 1701w\" sizes=\"auto, (max-width: 332px) 100vw, 332px\" \/><\/a><\/p>\n<p>Asuin 2000-luvun alussa Viikiss\u00e4 talossa, jonka ikkunoista oli avoin n\u00e4kym\u00e4 my\u00f6s pohjoiseen. Taivaalla oli usein hienoja n\u00e4ytelmi\u00e4, kuten n\u00e4iss\u00e4 kuvissa vuosilta 2002 ja 2003.<\/p>\n","protected":false},"excerpt":{"rendered":"<p>Olen luontokuvaajana valaistuksen, sattuman ja k\u00e4rsim\u00e4tt\u00f6myyteni armoilla oleva laiskuri. Syyt\u00e4n ep\u00e4ter\u00e4vist\u00e4 kuvista mielell\u00e4\u00e4n puutteellista kalustoani, vaikka todellisuudessa en viitsinyt kantaa[&#8230;]<\/p>\n","protected":false},"author":1,"featured_media":0,"parent":33,"menu_order":0,"comment_status":"closed","ping_status":"closed","template":"","meta":{"footnotes":""},"class_list":["post-80","page","type-page","status-publish","hentry"],"_links":{"self":[{"href":"https:\/\/www.heikkiporoila.fi\/hp\/wp-json\/wp\/v2\/pages\/80","targetHints":{"allow":["GET"]}}],"collection":[{"href":"https:\/\/www.heikkiporoila.fi\/hp\/wp-json\/wp\/v2\/pages"}],"about":[{"href":"https:\/\/www.heikkiporoila.fi\/hp\/wp-json\/wp\/v2\/types\/page"}],"author":[{"embeddable":true,"href":"https:\/\/www.heikkiporoila.fi\/hp\/wp-json\/wp\/v2\/users\/1"}],"replies":[{"embeddable":true,"href":"https:\/\/www.heikkiporoila.fi\/hp\/wp-json\/wp\/v2\/comments?post=80"}],"version-history":[{"count":23,"href":"https:\/\/www.heikkiporoila.fi\/hp\/wp-json\/wp\/v2\/pages\/80\/revisions"}],"predecessor-version":[{"id":692,"href":"https:\/\/www.heikkiporoila.fi\/hp\/wp-json\/wp\/v2\/pages\/80\/revisions\/692"}],"up":[{"embeddable":true,"href":"https:\/\/www.heikkiporoila.fi\/hp\/wp-json\/wp\/v2\/pages\/33"}],"wp:attachment":[{"href":"https:\/\/www.heikkiporoila.fi\/hp\/wp-json\/wp\/v2\/media?parent=80"}],"curies":[{"name":"wp","href":"https:\/\/api.w.org\/{rel}","templated":true}]}}