{"id":93,"date":"2017-02-14T21:01:58","date_gmt":"2017-02-14T21:01:58","guid":{"rendered":"http:\/\/www.heikkiporoila.fi\/hp\/?page_id=93"},"modified":"2023-08-21T18:32:38","modified_gmt":"2023-08-21T18:32:38","slug":"muita-kuvia","status":"publish","type":"page","link":"https:\/\/www.heikkiporoila.fi\/hp\/kuvat\/muita-kuvia\/","title":{"rendered":"Muita kuvia"},"content":{"rendered":"<p>T\u00e4\u00e4ll\u00e4 on hyvin sekalaisia kuvia hyvin sekalaisessa j\u00e4rjestyksess\u00e4 &#8211; siis ilman mit\u00e4\u00e4n j\u00e4rjestyst\u00e4. Mukana on my\u00f6s muiden ottamia vanhoja kuvia. Jos joku kokee valokuvaajan oikeuksiaan loukatun, pyyd\u00e4n anteeksi ja poistan kuvan.<\/p>\n<p><a href=\"http:\/\/www.heikkiporoila.fi\/hp\/wp-content\/uploads\/2019\/06\/190522-Erik-Bruun-42.jpg\"><img loading=\"lazy\" decoding=\"async\" class=\"alignnone  wp-image-502\" src=\"http:\/\/www.heikkiporoila.fi\/hp\/wp-content\/uploads\/2019\/06\/190522-Erik-Bruun-42-188x300.jpg\" alt=\"\" width=\"238\" height=\"380\" srcset=\"https:\/\/www.heikkiporoila.fi\/hp\/wp-content\/uploads\/2019\/06\/190522-Erik-Bruun-42-188x300.jpg 188w, https:\/\/www.heikkiporoila.fi\/hp\/wp-content\/uploads\/2019\/06\/190522-Erik-Bruun-42-768x1225.jpg 768w, https:\/\/www.heikkiporoila.fi\/hp\/wp-content\/uploads\/2019\/06\/190522-Erik-Bruun-42-1881x3000.jpg 1881w, https:\/\/www.heikkiporoila.fi\/hp\/wp-content\/uploads\/2019\/06\/190522-Erik-Bruun-42.jpg 2035w\" sizes=\"auto, (max-width: 238px) 100vw, 238px\" \/><\/a><\/p>\n<p>Mestarigraafikkomme <strong>Erik Bruun<\/strong>, my\u00f6s allekirjoittaneen rakas kummi, vietti toukokuun 22. p\u00e4iv\u00e4n\u00e4 2019 70-vuotistaiteilijajuhlia Suomenlinnassa. Siell\u00e4 avattiin n\u00e4yttely <strong><em>Jaffasta Jaffaan &#8211; mets\u00e4st\u00e4 mets\u00e4\u00e4n<\/em><\/strong>, joka esittelee Bruunin monipuolisen ja pitk\u00e4n uran perusteellisesti. Erik Bruun on jo 93:n vuoden ik\u00e4inen, mutta ty\u00f6skentelee edelleen. Toukokuussa ilmestyi h\u00e4nen uusin joutsenaiheinen postimerkkins\u00e4. Ei voi kuin ihailla t\u00e4llaista luomisvoimaa!<\/p>\n<p><a href=\"http:\/\/www.heikkiporoila.fi\/hp\/wp-content\/uploads\/2017\/02\/1980-luku-Heikki-n\u00e4ytt\u00e4\u00e4-sormella-Hossan-V\u00e4rikalliolla.jpg\"><img loading=\"lazy\" decoding=\"async\" class=\"alignnone  wp-image-149\" src=\"http:\/\/www.heikkiporoila.fi\/hp\/wp-content\/uploads\/2017\/02\/1980-luku-Heikki-n\u00e4ytt\u00e4\u00e4-sormella-Hossan-V\u00e4rikalliolla-300x197.jpg\" alt=\"\" width=\"703\" height=\"461\" srcset=\"https:\/\/www.heikkiporoila.fi\/hp\/wp-content\/uploads\/2017\/02\/1980-luku-Heikki-n\u00e4ytt\u00e4\u00e4-sormella-Hossan-V\u00e4rikalliolla-300x197.jpg 300w, https:\/\/www.heikkiporoila.fi\/hp\/wp-content\/uploads\/2017\/02\/1980-luku-Heikki-n\u00e4ytt\u00e4\u00e4-sormella-Hossan-V\u00e4rikalliolla-768x505.jpg 768w, https:\/\/www.heikkiporoila.fi\/hp\/wp-content\/uploads\/2017\/02\/1980-luku-Heikki-n\u00e4ytt\u00e4\u00e4-sormella-Hossan-V\u00e4rikalliolla-120x80.jpg 120w, https:\/\/www.heikkiporoila.fi\/hp\/wp-content\/uploads\/2017\/02\/1980-luku-Heikki-n\u00e4ytt\u00e4\u00e4-sormella-Hossan-V\u00e4rikalliolla.jpg 1512w\" sizes=\"auto, (max-width: 703px) 100vw, 703px\" \/><\/a><\/p>\n<p>1980-luvun alkua elet\u00e4\u00e4n ja kuvan keskell\u00e4 osoitan sormellani Hossan V\u00e4rikallion kuvioita. Piirrokset olivat suhteellisen tuore l\u00f6yt\u00f6 (1977), mist\u00e4 syyst\u00e4 p\u00e4\u00e4simme viel\u00e4 n\u00e4in l\u00e4helle. Nyky\u00e4\u00e4n kuvia katsotaan kauempaa. Kuvan ottajan nimi on valitettavasti p\u00e4\u00e4ssyt katoamaan.<\/p>\n<p><a href=\"http:\/\/www.heikkiporoila.fi\/hp\/wp-content\/uploads\/2017\/04\/Nelli-ja-pallo.jpg\"><img loading=\"lazy\" decoding=\"async\" class=\"alignnone size-medium wp-image-350\" src=\"http:\/\/www.heikkiporoila.fi\/hp\/wp-content\/uploads\/2017\/04\/Nelli-ja-pallo-300x296.jpg\" alt=\"\" width=\"300\" height=\"296\" srcset=\"https:\/\/www.heikkiporoila.fi\/hp\/wp-content\/uploads\/2017\/04\/Nelli-ja-pallo-300x296.jpg 300w, https:\/\/www.heikkiporoila.fi\/hp\/wp-content\/uploads\/2017\/04\/Nelli-ja-pallo-768x758.jpg 768w\" sizes=\"auto, (max-width: 300px) 100vw, 300px\" \/>\u00a0\u00a0 <\/a><a href=\"http:\/\/www.heikkiporoila.fi\/hp\/wp-content\/uploads\/2017\/04\/060417-Nelli.jpg\"><img loading=\"lazy\" decoding=\"async\" class=\"alignnone wp-image-353\" src=\"http:\/\/www.heikkiporoila.fi\/hp\/wp-content\/uploads\/2017\/04\/060417-Nelli-300x214.jpg\" alt=\"\" width=\"414\" height=\"295\" srcset=\"https:\/\/www.heikkiporoila.fi\/hp\/wp-content\/uploads\/2017\/04\/060417-Nelli-300x214.jpg 300w, https:\/\/www.heikkiporoila.fi\/hp\/wp-content\/uploads\/2017\/04\/060417-Nelli-768x547.jpg 768w, https:\/\/www.heikkiporoila.fi\/hp\/wp-content\/uploads\/2017\/04\/060417-Nelli-90x65.jpg 90w, https:\/\/www.heikkiporoila.fi\/hp\/wp-content\/uploads\/2017\/04\/060417-Nelli.jpg 2026w\" sizes=\"auto, (max-width: 414px) 100vw, 414px\" \/><\/a><\/p>\n<p><strong>Nelli<\/strong> on helmikuussa 2006 syntynyt monirotuinen lemmikkiel\u00e4in, josta on olemassa paljon eri tavoilla liikuttavia, usein huvittavia kuvia. El\u00e4imill\u00e4h\u00e4n huumorintajua ei varsinaisesti ole, joten t\u00e4llaiset kuvat ovat yksiselitteisen ihmiskeskeisi\u00e4. Ensimm\u00e4inen kuva on otettu 11-vuotissyntt\u00e4rien tienoilla, toinen muutama p\u00e4iv\u00e4 Viikkiin saapumisen j\u00e4lkeen huhtikuussa 2006. Pennun siniset silm\u00e4t muuttuivat suklaanruskeiksi. &#8211; Nellin el\u00e4m\u00e4 p\u00e4\u00e4ttyi syyskuussa 2018. Rakkaan koiran muistot el\u00e4v\u00e4t, my\u00f6s kuvissa.<\/p>\n<p><a href=\"http:\/\/www.heikkiporoila.fi\/hp\/wp-content\/uploads\/2017\/04\/1920-luku-Runeberginkatu-31-A-kuva-ehk\u00e4-Heinrich-Iffland.jpg\"><img loading=\"lazy\" decoding=\"async\" class=\"alignnone size-medium wp-image-355\" src=\"http:\/\/www.heikkiporoila.fi\/hp\/wp-content\/uploads\/2017\/04\/1920-luku-Runeberginkatu-31-A-kuva-ehk\u00e4-Heinrich-Iffland-300x215.jpg\" alt=\"\" width=\"300\" height=\"215\" srcset=\"https:\/\/www.heikkiporoila.fi\/hp\/wp-content\/uploads\/2017\/04\/1920-luku-Runeberginkatu-31-A-kuva-ehk\u00e4-Heinrich-Iffland-300x215.jpg 300w, https:\/\/www.heikkiporoila.fi\/hp\/wp-content\/uploads\/2017\/04\/1920-luku-Runeberginkatu-31-A-kuva-ehk\u00e4-Heinrich-Iffland-768x549.jpg 768w, https:\/\/www.heikkiporoila.fi\/hp\/wp-content\/uploads\/2017\/04\/1920-luku-Runeberginkatu-31-A-kuva-ehk\u00e4-Heinrich-Iffland-90x65.jpg 90w\" sizes=\"auto, (max-width: 300px) 100vw, 300px\" \/><\/a><\/p>\n<p>Asuin lapsuuteni osoitteessa Runeberginkatu 31 A. Isois\u00e4ni <strong>Kaarlo Borg<\/strong> piirsi talon ylimp\u00e4\u00e4n kerrokseen tilavan asunnon my\u00f6s omalle perheelleen. Merkitt\u00e4v\u00e4 joukko muistoja liittyy t\u00e4h\u00e4n taloon ja sen v\u00e4litt\u00f6m\u00e4\u00e4n ymp\u00e4rist\u00f6\u00f6n. Kalliot olivat meid\u00e4n seikkailupuistomme, kirkko sinne upotettiin vasta vuosia my\u00f6hemmin. Kuvan on todenn\u00e4k\u00f6isesti ottanut saksalainen <strong>Heinrich Iffland<\/strong>, jonka tyt\u00e4r <strong>Dodo<\/strong> (Dorothea Iffland-Friedrich) oli \u00e4itini <strong>Eeva Borgin<\/strong> hyv\u00e4 yst\u00e4v\u00e4.<\/p>\n<p><a href=\"http:\/\/www.heikkiporoila.fi\/hp\/wp-content\/uploads\/2017\/04\/1918-Hilkka-Stenius-ja-Kaarlo-Borg-virallinen-kihlajaiskuva-Bruno-Stenius.jpg\"><img loading=\"lazy\" decoding=\"async\" class=\"alignnone size-medium wp-image-357\" src=\"http:\/\/www.heikkiporoila.fi\/hp\/wp-content\/uploads\/2017\/04\/1918-Hilkka-Stenius-ja-Kaarlo-Borg-virallinen-kihlajaiskuva-Bruno-Stenius-210x300.jpg\" alt=\"\" width=\"210\" height=\"300\" srcset=\"https:\/\/www.heikkiporoila.fi\/hp\/wp-content\/uploads\/2017\/04\/1918-Hilkka-Stenius-ja-Kaarlo-Borg-virallinen-kihlajaiskuva-Bruno-Stenius-210x300.jpg 210w, https:\/\/www.heikkiporoila.fi\/hp\/wp-content\/uploads\/2017\/04\/1918-Hilkka-Stenius-ja-Kaarlo-Borg-virallinen-kihlajaiskuva-Bruno-Stenius-768x1100.jpg 768w\" sizes=\"auto, (max-width: 210px) 100vw, 210px\" \/>\u00a0\u00a0\u00a0 <\/a><a href=\"http:\/\/www.heikkiporoila.fi\/hp\/wp-content\/uploads\/2017\/04\/1910-luku-Kaarlo-Borg-Atelier-Universal-01.jpg\"><img loading=\"lazy\" decoding=\"async\" class=\"alignnone wp-image-358\" src=\"http:\/\/www.heikkiporoila.fi\/hp\/wp-content\/uploads\/2017\/04\/1910-luku-Kaarlo-Borg-Atelier-Universal-01-300x245.jpg\" alt=\"\" width=\"369\" height=\"301\" srcset=\"https:\/\/www.heikkiporoila.fi\/hp\/wp-content\/uploads\/2017\/04\/1910-luku-Kaarlo-Borg-Atelier-Universal-01-300x245.jpg 300w, https:\/\/www.heikkiporoila.fi\/hp\/wp-content\/uploads\/2017\/04\/1910-luku-Kaarlo-Borg-Atelier-Universal-01-768x628.jpg 768w\" sizes=\"auto, (max-width: 369px) 100vw, 369px\" \/><\/a><\/p>\n<p>Kuvassa iso\u00e4itini <strong>Hilkka Stenius<\/strong> ja isois\u00e4ni Kaarlo Borg poseeraavat virallisessa vihki\u00e4iskuvassaan, jonka otti morsiamen is\u00e4, maanmittausinsin\u00f6\u00f6ri <strong>Bruno Stenius<\/strong> todenn\u00e4k\u00f6isesti vuonna 1917. Kuvauspaikka tiedet\u00e4\u00e4n tarkemmin, sill\u00e4 kuvassa ollaan <strong>Neionniemess\u00e4<\/strong>, Vuoksen rannalle rakennetussa kes\u00e4paikassa. Nuori arkkitehti <strong>Uno Ullberg<\/strong> piirsi huvilan jo 1907 Bruno Steniukselle, joka lahjoitti Villa Borgiksi nimetyn talon tytt\u00e4relleen ja v\u00e4vylleen 1917. Neionniemi toimi sotiin asti suvun kes\u00e4nviettopaikkana. Valitettavasti kaikki tuhoutui sodan melskeiss\u00e4, Googlen karttapalvelu l\u00f6yt\u00e4\u00e4 paikalta vain koskematonta luontoa. &#8211; En koskaan n\u00e4hnyt isois\u00e4\u00e4ni, Kaarlo Borg kuoli vuonna 1939, kymmenen vuotta ennen syntym\u00e4\u00e4ni. H\u00e4nen piirt\u00e4mi\u00e4\u00e4n taloja kuitenkin on Helsingiss\u00e4 useita. Me ihmiset kuolemme, taide j\u00e4\u00e4.<\/p>\n","protected":false},"excerpt":{"rendered":"<p>T\u00e4\u00e4ll\u00e4 on hyvin sekalaisia kuvia hyvin sekalaisessa j\u00e4rjestyksess\u00e4 &#8211; siis ilman mit\u00e4\u00e4n j\u00e4rjestyst\u00e4. Mukana on my\u00f6s muiden ottamia vanhoja kuvia.[&#8230;]<\/p>\n","protected":false},"author":1,"featured_media":0,"parent":33,"menu_order":0,"comment_status":"closed","ping_status":"closed","template":"","meta":{"footnotes":""},"class_list":["post-93","page","type-page","status-publish","hentry"],"_links":{"self":[{"href":"https:\/\/www.heikkiporoila.fi\/hp\/wp-json\/wp\/v2\/pages\/93","targetHints":{"allow":["GET"]}}],"collection":[{"href":"https:\/\/www.heikkiporoila.fi\/hp\/wp-json\/wp\/v2\/pages"}],"about":[{"href":"https:\/\/www.heikkiporoila.fi\/hp\/wp-json\/wp\/v2\/types\/page"}],"author":[{"embeddable":true,"href":"https:\/\/www.heikkiporoila.fi\/hp\/wp-json\/wp\/v2\/users\/1"}],"replies":[{"embeddable":true,"href":"https:\/\/www.heikkiporoila.fi\/hp\/wp-json\/wp\/v2\/comments?post=93"}],"version-history":[{"count":13,"href":"https:\/\/www.heikkiporoila.fi\/hp\/wp-json\/wp\/v2\/pages\/93\/revisions"}],"predecessor-version":[{"id":719,"href":"https:\/\/www.heikkiporoila.fi\/hp\/wp-json\/wp\/v2\/pages\/93\/revisions\/719"}],"up":[{"embeddable":true,"href":"https:\/\/www.heikkiporoila.fi\/hp\/wp-json\/wp\/v2\/pages\/33"}],"wp:attachment":[{"href":"https:\/\/www.heikkiporoila.fi\/hp\/wp-json\/wp\/v2\/media?parent=93"}],"curies":[{"name":"wp","href":"https:\/\/api.w.org\/{rel}","templated":true}]}}